
{"id":5405,"date":"2018-06-30T14:58:38","date_gmt":"2018-06-30T14:58:38","guid":{"rendered":"https:\/\/amb.se\/?page_id=5405"},"modified":"2018-06-30T15:08:10","modified_gmt":"2018-06-30T15:08:10","slug":"image-bank","status":"publish","type":"page","link":"https:\/\/amb.se\/en\/press\/image-bank\/","title":{"rendered":"Image bank"},"content":{"rendered":"<div class=\"wpb-content-wrapper\">[vc_row full_width=&#8221;stretch_row&#8221; equal_height=&#8221;yes&#8221; content_placement=&#8221;middle&#8221; top_margin=&#8221;0&#8243; bottom_margin=&#8221;0&#8243; css=&#8221;.vc_custom_1509551730213{margin-bottom: -1px !important;padding-top: 30px !important;padding-bottom: 30px !important;background-color: #ffffff !important;}&#8221;][vc_column][vc_custom_heading text=&#8221;Image bank&#8221; font_container=&#8221;tag:h1|font_size:36|text_align:left|color:%23990000|line_height:1&#8243; use_theme_fonts=&#8221;yes&#8221; css_animation=&#8221;top-to-bottom&#8221; css=&#8221;.vc_custom_1530371288517{padding-top: 20px !important;padding-bottom: 20px !important;}&#8221;][vc_column_text]The photos below may be freely used, copied and published. However, for copyright reasons the photographer\u2019s name must be given as the byline. The photographer concerned can be found in the relevant image\u2019s metadata.<\/p>\n<p>If you intend to use an image, please send an email to <a title=\"AMB\" href=\"mailto:info@amb.se\">info@amb.se<\/a>\u00a0stating the newspaper and publishing date. It makes it easier for us to archive press clippings.<\/p>\n<p>All images are high resolution JPG in RGB (Adobe RGB 1998). Click on the link to open the high-resolution version in a new window. Right-click, and select \u201cSave Link As\u2026\u201d.[\/vc_column_text][vc_row_inner][vc_column_inner width=&#8221;1\/3&#8243;]<div class=\"shortcode-wrapper shortcode-teaser hb-animate-element hb-flip-y\"><div class=\"hb-teaser-column\"><a href=\" https:\/\/amb.se\/wp-content\/uploads\/2018\/01\/amb_cleanroom-machinery.jpg\" target=\"_blank\"><img loading=\"lazy\" decoding=\"async\" src=\"https:\/\/amb.se\/wp-content\/uploads\/2018\/01\/amb_cleanroom-machinery-526x350.jpg\" width=\"526\" height=\"350\" alt=\"Automatiserad produktionsutrustning i renrum hos AMB.\" \/><\/a><div class=\"teaser-content alignleft\"><a href=\" https:\/\/amb.se\/wp-content\/uploads\/2018\/01\/amb_cleanroom-machinery.jpg\" target=\"_blank\"><h6 class=\"special\">Cleanroom production<\/h6><\/a>Fully automatic assembly equipment in a cleanroom environment.<a href=\" https:\/\/amb.se\/wp-content\/uploads\/2018\/01\/amb_cleanroom-machinery.jpg\" class=\"simple-read-more\" target=\"_blank\">Download<\/a><\/div><\/div><!-- END .hb-teaser-column --><\/div>[\/vc_column_inner][vc_column_inner width=&#8221;1\/3&#8243;]<div class=\"shortcode-wrapper shortcode-teaser hb-animate-element hb-flip-y\" data-delay=\"200\"><div class=\"hb-teaser-column\"><a href=\" https:\/\/amb.se\/wp-content\/uploads\/2018\/01\/amb_cleanroom-assembly.jpg\" target=\"_blank\"><img loading=\"lazy\" decoding=\"async\" src=\"https:\/\/amb.se\/wp-content\/uploads\/2018\/01\/amb_cleanroom-assembly-526x350.jpg\" width=\"526\" height=\"350\" alt=\"Automatiserad montering av medicinteknisk komponent i renrumsmilj\u00f6.\" \/><\/a><div class=\"teaser-content alignleft\"><a href=\" https:\/\/amb.se\/wp-content\/uploads\/2018\/01\/amb_cleanroom-assembly.jpg\" target=\"_blank\"><h6 class=\"special\">Cleanroom production<\/h6><\/a>Fully automatic assembly in a cleanroom.<a href=\" https:\/\/amb.se\/wp-content\/uploads\/2018\/01\/amb_cleanroom-assembly.jpg\" class=\"simple-read-more\" target=\"_blank\">Download<\/a><\/div><\/div><!-- END .hb-teaser-column --><\/div>[\/vc_column_inner][vc_column_inner width=&#8221;1\/3&#8243;]<div class=\"shortcode-wrapper shortcode-teaser hb-animate-element hb-flip-y\" data-delay=\"400\"><div class=\"hb-teaser-column\"><a href=\" https:\/\/amb.se\/wp-content\/uploads\/2018\/01\/amb_automated-assembly.jpg\" target=\"_blank\"><img loading=\"lazy\" decoding=\"async\" src=\"https:\/\/amb.se\/wp-content\/uploads\/2018\/01\/amb_automated-assembly-526x350.jpg\" width=\"526\" height=\"350\" alt=\"N\u00e4rbild p\u00e5 en industriell monteringslinje med transparenta plastkomponenter, troligen f\u00f6r medicinteknisk utrustning, i automatisk produktion.\" \/><\/a><div class=\"teaser-content alignleft\"><a href=\" https:\/\/amb.se\/wp-content\/uploads\/2018\/01\/amb_automated-assembly.jpg\" target=\"_blank\"><h6 class=\"special\">Cleanroom production<\/h6><\/a>Assembly line in a cleanroom.<a href=\" https:\/\/amb.se\/wp-content\/uploads\/2018\/01\/amb_automated-assembly.jpg\" class=\"simple-read-more\" target=\"_blank\">Download<\/a><\/div><\/div><!-- END .hb-teaser-column --><\/div>[\/vc_column_inner][\/vc_row_inner][vc_row_inner][vc_column_inner width=&#8221;1\/3&#8243;]<div class=\"shortcode-wrapper shortcode-teaser hb-animate-element hb-flip-y\"><div class=\"hb-teaser-column\"><a href=\" https:\/\/amb.se\/wp-content\/uploads\/2018\/01\/amb_injectionmoulding.jpg\" target=\"_blank\"><img loading=\"lazy\" decoding=\"async\" src=\"https:\/\/amb.se\/wp-content\/uploads\/2018\/01\/amb_injectionmoulding-526x350.jpg\" width=\"526\" height=\"350\" alt=\"N\u00e4rbild p\u00e5 formsprutningsverktyg i drift med gripdon och anslutna pneumatiska slangar.\" \/><\/a><div class=\"teaser-content alignleft\"><a href=\" https:\/\/amb.se\/wp-content\/uploads\/2018\/01\/amb_injectionmoulding.jpg\" target=\"_blank\"><h6 class=\"special\">Injection moulding<\/h6><\/a>Robot removing parts from an injection mould.<a href=\" https:\/\/amb.se\/wp-content\/uploads\/2018\/01\/amb_injectionmoulding.jpg\" class=\"simple-read-more\" target=\"_blank\">Download<\/a><\/div><\/div><!-- END .hb-teaser-column --><\/div>[\/vc_column_inner][vc_column_inner width=&#8221;1\/3&#8243;]<div class=\"shortcode-wrapper shortcode-teaser hb-animate-element hb-flip-y\" data-delay=\"200\"><div class=\"hb-teaser-column\"><a href=\" https:\/\/amb.se\/wp-content\/uploads\/2018\/01\/amb_plasticresin.jpg\" target=\"_blank\"><img loading=\"lazy\" decoding=\"async\" src=\"https:\/\/amb.se\/wp-content\/uploads\/2018\/01\/amb_plasticresin-526x350.jpg\" width=\"526\" height=\"350\" alt=\"H\u00e4nder som h\u00e4ller bl\u00e5 plastgranulat i en r\u00f6d plastbeh\u00e5llare.\" \/><\/a><div class=\"teaser-content alignleft\"><a href=\" https:\/\/amb.se\/wp-content\/uploads\/2018\/01\/amb_plasticresin.jpg\" target=\"_blank\"><h6 class=\"special\">Plastic granules<\/h6><\/a>Plastic granules, raw material for injection moulding.<a href=\" https:\/\/amb.se\/wp-content\/uploads\/2018\/01\/amb_plasticresin.jpg\" class=\"simple-read-more\" target=\"_blank\">Download<\/a><\/div><\/div><!-- END .hb-teaser-column --><\/div>[\/vc_column_inner][vc_column_inner width=&#8221;1\/3&#8243;]<div class=\"shortcode-wrapper shortcode-teaser hb-animate-element hb-flip-y\" data-delay=\"400\"><div class=\"hb-teaser-column\"><a href=\" https:\/\/amb.se\/wp-content\/uploads\/2018\/01\/amb_decoration.jpg\" target=\"_blank\"><img loading=\"lazy\" decoding=\"async\" src=\"https:\/\/amb.se\/wp-content\/uploads\/2018\/01\/amb_decoration-526x350.jpg\" width=\"526\" height=\"350\" alt=\"Kromade plastdetaljer i h\u00e5llare inne i en f\u00f6rkromningsanl\u00e4ggning.\" \/><\/a><div class=\"teaser-content alignleft\"><a href=\" https:\/\/amb.se\/wp-content\/uploads\/2018\/01\/amb_decoration.jpg\" target=\"_blank\"><h6 class=\"special\">Decoration<\/h6><\/a>Plastic parts surface treated by vacuum metallising.<a href=\" https:\/\/amb.se\/wp-content\/uploads\/2018\/01\/amb_decoration.jpg\" class=\"simple-read-more\" target=\"_blank\">Download<\/a><\/div><\/div><!-- END .hb-teaser-column --><\/div>[\/vc_column_inner][\/vc_row_inner][vc_row_inner][vc_column_inner width=&#8221;1\/3&#8243;]<div class=\"shortcode-wrapper shortcode-teaser hb-animate-element hb-flip-y\"><div class=\"hb-teaser-column\"><a href=\" https:\/\/amb.se\/wp-content\/uploads\/2018\/01\/amb_vacuumchamber.jpg\" target=\"_blank\"><img loading=\"lazy\" decoding=\"async\" src=\"https:\/\/amb.se\/wp-content\/uploads\/2018\/01\/amb_vacuumchamber-526x350.jpg\" width=\"526\" height=\"350\" alt=\"Tv\u00e5 personer i r\u00f6relse framf\u00f6r en stor industriell vakuumugn i en produktionsmilj\u00f6 med styrsystem och s\u00e4kerhetsmarkeringar.\" \/><\/a><div class=\"teaser-content alignleft\"><a href=\" https:\/\/amb.se\/wp-content\/uploads\/2018\/01\/amb_vacuumchamber.jpg\" target=\"_blank\"><h6 class=\"special\">Vacuum chamber<\/h6><\/a>Autoclave for surface treatment by vacuum metallising. This one&#8217;s for &#8220;<a href=\"https:\/\/amb.se\/en\/metallising\/\">thick layers<\/a>&#8220;<a href=\" https:\/\/amb.se\/wp-content\/uploads\/2018\/01\/amb_vacuumchamber.jpg\" class=\"simple-read-more\" target=\"_blank\">Download<\/a><\/div><\/div><!-- END .hb-teaser-column --><\/div>[\/vc_column_inner][vc_column_inner width=&#8221;1\/3&#8243;]<div class=\"shortcode-wrapper shortcode-teaser hb-animate-element hb-flip-y\" data-delay=\"200\"><div class=\"hb-teaser-column\"><a href=\" https:\/\/amb.se\/wp-content\/uploads\/2018\/01\/amb_paintingrobot.jpg\" target=\"_blank\"><img loading=\"lazy\" decoding=\"async\" src=\"https:\/\/amb.se\/wp-content\/uploads\/2018\/01\/amb_paintingrobot-526x350.jpg\" width=\"526\" height=\"350\" alt=\"Sprutm\u00e5lning av bl\u00e5 plastdetaljer med robot i m\u00e5lningsanl\u00e4ggning.\" \/><\/a><div class=\"teaser-content alignleft\"><a href=\" https:\/\/amb.se\/wp-content\/uploads\/2018\/01\/amb_paintingrobot.jpg\" target=\"_blank\"><h6 class=\"special\">Lacquering<\/h6><\/a>Lacquering hearing aid shells.<a href=\" https:\/\/amb.se\/wp-content\/uploads\/2018\/01\/amb_paintingrobot.jpg\" class=\"simple-read-more\" target=\"_blank\">Download<\/a><\/div><\/div><!-- END .hb-teaser-column --><\/div>[\/vc_column_inner][vc_column_inner width=&#8221;1\/3&#8243;]<div class=\"shortcode-wrapper shortcode-teaser hb-animate-element hb-flip-y\" data-delay=\"400\"><div class=\"hb-teaser-column\"><a href=\" https:\/\/amb.se\/wp-content\/uploads\/2018\/01\/amb_hearingdevice.jpg\" target=\"_blank\"><img loading=\"lazy\" decoding=\"async\" src=\"https:\/\/amb.se\/wp-content\/uploads\/2018\/01\/amb_hearingdevice-526x350.jpg\" width=\"526\" height=\"350\" alt=\"R\u00f6tt h\u00f6lje till h\u00f6rapparat belyses f\u00f6r visuell kontroll.\" \/><\/a><div class=\"teaser-content alignleft\"><a href=\" https:\/\/amb.se\/wp-content\/uploads\/2018\/01\/amb_hearingdevice.jpg\" target=\"_blank\"><h6 class=\"special\">Hearing aid<\/h6><\/a>Lacquered hearing aid on a measuring table.<a href=\" https:\/\/amb.se\/wp-content\/uploads\/2018\/01\/amb_hearingdevice.jpg\" class=\"simple-read-more\" target=\"_blank\">Download<\/a><\/div><\/div><!-- END .hb-teaser-column --><\/div>[\/vc_column_inner][\/vc_row_inner][vc_row_inner][vc_column_inner width=&#8221;1\/3&#8243;]<div class=\"shortcode-wrapper shortcode-teaser hb-animate-element hb-flip-y\"><div class=\"hb-teaser-column\"><a href=\" https:\/\/amb.se\/wp-content\/uploads\/2018\/01\/amb_colorpalette.jpg\" target=\"_blank\"><img loading=\"lazy\" decoding=\"async\" src=\"https:\/\/amb.se\/wp-content\/uploads\/2018\/01\/amb_colorpalette-526x350.jpg\" width=\"526\" height=\"350\" alt=\"F\u00e4rgprover p\u00e5 h\u00f6ljen till h\u00f6rapparater i olika kul\u00f6rer och ytbehandlingar.\" \/><\/a><div class=\"teaser-content alignleft\"><a href=\" https:\/\/amb.se\/wp-content\/uploads\/2018\/01\/amb_colorpalette.jpg\" target=\"_blank\"><h6 class=\"special\">Colour palette<\/h6><\/a>Colour samples.<a href=\" https:\/\/amb.se\/wp-content\/uploads\/2018\/01\/amb_colorpalette.jpg\" class=\"simple-read-more\" target=\"_blank\">Download<\/a><\/div><\/div><!-- END .hb-teaser-column --><\/div>[\/vc_column_inner][vc_column_inner width=&#8221;1\/3&#8243;]<div class=\"shortcode-wrapper shortcode-teaser hb-animate-element hb-flip-y\" data-delay=\"200\"><div class=\"hb-teaser-column\"><a href=\" https:\/\/amb.se\/wp-content\/uploads\/2018\/01\/amb_assembly.jpg\" target=\"_blank\"><img loading=\"lazy\" decoding=\"async\" src=\"https:\/\/amb.se\/wp-content\/uploads\/2018\/01\/amb_assembly-526x350.jpg\" width=\"526\" height=\"350\" alt=\"Manuell montering av sm\u00e5 plastkomponenter i renrumsmilj\u00f6 med hj\u00e4lp av pincett och injektionsverktyg.\" \/><\/a><div class=\"teaser-content alignleft\"><a href=\" https:\/\/amb.se\/wp-content\/uploads\/2018\/01\/amb_assembly.jpg\" target=\"_blank\"><h6 class=\"special\">Assembly<\/h6><\/a>Manual assembly.<a href=\" https:\/\/amb.se\/wp-content\/uploads\/2018\/01\/amb_assembly.jpg\" class=\"simple-read-more\" target=\"_blank\">Download<\/a><\/div><\/div><!-- END .hb-teaser-column --><\/div>[\/vc_column_inner][vc_column_inner width=&#8221;1\/3&#8243;]<div class=\"shortcode-wrapper shortcode-teaser hb-animate-element hb-flip-y\" data-delay=\"400\"><div class=\"hb-teaser-column\"><a href=\" https:\/\/amb.se\/wp-content\/uploads\/2018\/01\/amb_tomasmagnusson_bw.jpg\" target=\"_blank\"><img loading=\"lazy\" decoding=\"async\" src=\"https:\/\/amb.se\/wp-content\/uploads\/2018\/01\/amb_tomasmagnusson_bw-526x350.jpg\" width=\"526\" height=\"350\" alt=\"Portr\u00e4ttbild p\u00e5 Tomas Magnusson, VD, AMB\" \/><\/a><div class=\"teaser-content alignleft\"><a href=\" https:\/\/amb.se\/wp-content\/uploads\/2018\/01\/amb_tomasmagnusson_bw.jpg\" target=\"_blank\"><h6 class=\"special\">Tomas Magnusson<\/h6><\/a>Tomas Magnusson, AMB&#8217;s CEO.<a href=\" https:\/\/amb.se\/wp-content\/uploads\/2018\/01\/amb_tomasmagnusson_bw.jpg\" class=\"simple-read-more\" target=\"_blank\">Download<\/a><\/div><\/div><!-- END .hb-teaser-column --><\/div>[\/vc_column_inner][\/vc_row_inner][vc_row_inner][vc_column_inner width=&#8221;1\/3&#8243;]<div class=\"shortcode-wrapper shortcode-teaser hb-animate-element hb-flip-y\"><div class=\"hb-teaser-column\"><a href=\" https:\/\/amb.se\/wp-content\/uploads\/2018\/01\/amb_logo_cmyk.pdf\" target=\"_blank\"><img loading=\"lazy\" decoding=\"async\" src=\"https:\/\/amb.se\/wp-content\/uploads\/2018\/01\/logo-cmyk-526x350.jpg\" width=\"526\" height=\"350\" alt=\"AMB logo i r\u00f6tt\" \/><\/a><div class=\"teaser-content alignleft\"><a href=\" https:\/\/amb.se\/wp-content\/uploads\/2018\/01\/amb_logo_cmyk.pdf\" target=\"_blank\"><h6 class=\"special\">Logo, colour<\/h6><\/a>AMB&#8217;s logotype CMYK<br \/>\n(vectorised pdf)<a href=\" https:\/\/amb.se\/wp-content\/uploads\/2018\/01\/amb_logo_cmyk.pdf\" class=\"simple-read-more\" target=\"_blank\">Download<\/a><\/div><\/div><!-- END .hb-teaser-column --><\/div>[\/vc_column_inner][vc_column_inner width=&#8221;1\/3&#8243;]<div class=\"shortcode-wrapper shortcode-teaser hb-animate-element hb-flip-y\"><div class=\"hb-teaser-column\"><a href=\" https:\/\/amb.se\/wp-content\/uploads\/2018\/01\/amb_logo_bw.pdf\" target=\"_blank\"><img loading=\"lazy\" decoding=\"async\" src=\"https:\/\/amb.se\/wp-content\/uploads\/2018\/01\/logo-bw-526x350.jpg\" width=\"526\" height=\"350\" alt=\"AMB logo i svart\" \/><\/a><div class=\"teaser-content alignleft\"><a href=\" https:\/\/amb.se\/wp-content\/uploads\/2018\/01\/amb_logo_bw.pdf\" target=\"_blank\"><h6 class=\"special\">Logo, black and white<\/h6><\/a>AMB&#8217;s logotype, b\/w<br \/>\n(vectorised pdf)<a href=\" https:\/\/amb.se\/wp-content\/uploads\/2018\/01\/amb_logo_bw.pdf\" class=\"simple-read-more\" target=\"_blank\">Download<\/a><\/div><\/div><!-- END .hb-teaser-column --><\/div>[\/vc_column_inner][vc_column_inner width=&#8221;1\/3&#8243;][\/vc_column_inner][\/vc_row_inner][vc_row_inner][vc_column_inner]<div class=\"shortcode-wrapper shortcode-spacer clearfix\"><div class=\"spacer\" style=\"height:40px;\"><\/div><\/div>[\/vc_column_inner][\/vc_row_inner][\/vc_column][\/vc_row]\n<\/div>","protected":false},"excerpt":{"rendered":"<p>[vc_row full_width=&#8221;stretch_row&#8221; equal_height=&#8221;yes&#8221; content_placement=&#8221;middle&#8221; top_margin=&#8221;0&#8243; bottom_margin=&#8221;0&#8243; css=&#8221;.vc_custom_1509551730213{margin-bottom: -1px !important;padding-top: 30px !important;padding-bottom: 30px !important;background-color: #ffffff !important;}&#8221;][vc_column][vc_custom_heading text=&#8221;Image bank&#8221; font_container=&#8221;tag:h1|font_size:36|text_align:left|color:%23990000|line_height:1&#8243; use_theme_fonts=&#8221;yes&#8221; css_animation=&#8221;top-to-bottom&#8221; css=&#8221;.vc_custom_1530371288517{padding-top: 20px !important;padding-bottom: 20px !important;}&#8221;][vc_column_text]The photos below may be freely [&hellip;]<\/p>\n","protected":false},"author":1,"featured_media":0,"parent":5390,"menu_order":10,"comment_status":"closed","ping_status":"closed","template":"","meta":{"inline_featured_image":false,"footnotes":""},"class_list":["post-5405","page","type-page","status-publish","hentry"],"yoast_head":"<!-- This site is optimized with the Yoast SEO plugin v27.5 - https:\/\/yoast.com\/product\/yoast-seo-wordpress\/ -->\n<title>Image bank - AMB Industri AB<\/title>\n<meta name=\"robots\" content=\"index, follow, max-snippet:-1, max-image-preview:large, max-video-preview:-1\" \/>\n<link rel=\"canonical\" href=\"https:\/\/amb.se\/en\/press\/image-bank\/\" \/>\n<meta property=\"og:locale\" content=\"en_US\" \/>\n<meta property=\"og:type\" content=\"article\" \/>\n<meta property=\"og:title\" content=\"Image bank - AMB Industri AB\" \/>\n<meta property=\"og:description\" content=\"[vc_row full_width=&#8221;stretch_row&#8221; equal_height=&#8221;yes&#8221; content_placement=&#8221;middle&#8221; top_margin=&#8221;0&#8243; bottom_margin=&#8221;0&#8243; css=&#8221;.vc_custom_1509551730213{margin-bottom: -1px !important;padding-top: 30px !important;padding-bottom: 30px !important;background-color: #ffffff !important;}&#8221;][vc_column][vc_custom_heading text=&#8221;Image bank&#8221; font_container=&#8221;tag:h1|font_size:36|text_align:left|color:%23990000|line_height:1&#8243; use_theme_fonts=&#8221;yes&#8221; css_animation=&#8221;top-to-bottom&#8221; css=&#8221;.vc_custom_1530371288517{padding-top: 20px !important;padding-bottom: 20px !important;}&#8221;][vc_column_text]The photos below may be freely [&hellip;]\" \/>\n<meta property=\"og:url\" content=\"https:\/\/amb.se\/en\/press\/image-bank\/\" \/>\n<meta property=\"og:site_name\" content=\"AMB Industri AB\" \/>\n<meta property=\"article:publisher\" content=\"https:\/\/www.facebook.com\/amb1946\/\" \/>\n<meta property=\"article:modified_time\" content=\"2018-06-30T15:08:10+00:00\" \/>\n<meta name=\"twitter:card\" content=\"summary_large_image\" \/>\n<meta name=\"twitter:label1\" content=\"Est. reading time\" \/>\n\t<meta name=\"twitter:data1\" content=\"4 minutes\" \/>\n<script type=\"application\/ld+json\" class=\"yoast-schema-graph\">{\"@context\":\"https:\\\/\\\/schema.org\",\"@graph\":[{\"@type\":\"WebPage\",\"@id\":\"https:\\\/\\\/amb.se\\\/en\\\/press\\\/image-bank\\\/\",\"url\":\"https:\\\/\\\/amb.se\\\/en\\\/press\\\/image-bank\\\/\",\"name\":\"Image bank - AMB Industri AB\",\"isPartOf\":{\"@id\":\"https:\\\/\\\/amb.se\\\/#website\"},\"datePublished\":\"2018-06-30T14:58:38+00:00\",\"dateModified\":\"2018-06-30T15:08:10+00:00\",\"breadcrumb\":{\"@id\":\"https:\\\/\\\/amb.se\\\/en\\\/press\\\/image-bank\\\/#breadcrumb\"},\"inLanguage\":\"en-US\",\"potentialAction\":[{\"@type\":\"ReadAction\",\"target\":[\"https:\\\/\\\/amb.se\\\/en\\\/press\\\/image-bank\\\/\"]}]},{\"@type\":\"BreadcrumbList\",\"@id\":\"https:\\\/\\\/amb.se\\\/en\\\/press\\\/image-bank\\\/#breadcrumb\",\"itemListElement\":[{\"@type\":\"ListItem\",\"position\":1,\"name\":\"Hem\",\"item\":\"https:\\\/\\\/amb.se\\\/en\\\/\"},{\"@type\":\"ListItem\",\"position\":2,\"name\":\"Press\",\"item\":\"https:\\\/\\\/amb.se\\\/en\\\/press\\\/\"},{\"@type\":\"ListItem\",\"position\":3,\"name\":\"Image bank\"}]},{\"@type\":\"WebSite\",\"@id\":\"https:\\\/\\\/amb.se\\\/#website\",\"url\":\"https:\\\/\\\/amb.se\\\/\",\"name\":\"AMB\",\"description\":\"Plastic parts. Refined.\",\"publisher\":{\"@id\":\"https:\\\/\\\/amb.se\\\/#organization\"},\"potentialAction\":[{\"@type\":\"SearchAction\",\"target\":{\"@type\":\"EntryPoint\",\"urlTemplate\":\"https:\\\/\\\/amb.se\\\/?s={search_term_string}\"},\"query-input\":{\"@type\":\"PropertyValueSpecification\",\"valueRequired\":true,\"valueName\":\"search_term_string\"}}],\"inLanguage\":\"en-US\"},{\"@type\":\"Organization\",\"@id\":\"https:\\\/\\\/amb.se\\\/#organization\",\"name\":\"AMB Industri AB\",\"url\":\"https:\\\/\\\/amb.se\\\/\",\"logo\":{\"@type\":\"ImageObject\",\"inLanguage\":\"en-US\",\"@id\":\"https:\\\/\\\/amb.se\\\/#\\\/schema\\\/logo\\\/image\\\/\",\"url\":\"https:\\\/\\\/amb.se\\\/wp-content\\\/uploads\\\/2022\\\/12\\\/amb-logo.jpg\",\"contentUrl\":\"https:\\\/\\\/amb.se\\\/wp-content\\\/uploads\\\/2022\\\/12\\\/amb-logo.jpg\",\"width\":620,\"height\":460,\"caption\":\"AMB Industri AB\"},\"image\":{\"@id\":\"https:\\\/\\\/amb.se\\\/#\\\/schema\\\/logo\\\/image\\\/\"},\"sameAs\":[\"https:\\\/\\\/www.facebook.com\\\/amb1946\\\/\",\"https:\\\/\\\/www.instagram.com\\\/amb_industri\\\/\"]}]}<\/script>\n<!-- \/ Yoast SEO plugin. -->","yoast_head_json":{"title":"Image bank - AMB Industri AB","robots":{"index":"index","follow":"follow","max-snippet":"max-snippet:-1","max-image-preview":"max-image-preview:large","max-video-preview":"max-video-preview:-1"},"canonical":"https:\/\/amb.se\/en\/press\/image-bank\/","og_locale":"en_US","og_type":"article","og_title":"Image bank - AMB Industri AB","og_description":"[vc_row full_width=&#8221;stretch_row&#8221; equal_height=&#8221;yes&#8221; content_placement=&#8221;middle&#8221; top_margin=&#8221;0&#8243; bottom_margin=&#8221;0&#8243; css=&#8221;.vc_custom_1509551730213{margin-bottom: -1px !important;padding-top: 30px !important;padding-bottom: 30px !important;background-color: #ffffff !important;}&#8221;][vc_column][vc_custom_heading text=&#8221;Image bank&#8221; font_container=&#8221;tag:h1|font_size:36|text_align:left|color:%23990000|line_height:1&#8243; use_theme_fonts=&#8221;yes&#8221; css_animation=&#8221;top-to-bottom&#8221; css=&#8221;.vc_custom_1530371288517{padding-top: 20px !important;padding-bottom: 20px !important;}&#8221;][vc_column_text]The photos below may be freely [&hellip;]","og_url":"https:\/\/amb.se\/en\/press\/image-bank\/","og_site_name":"AMB Industri AB","article_publisher":"https:\/\/www.facebook.com\/amb1946\/","article_modified_time":"2018-06-30T15:08:10+00:00","twitter_card":"summary_large_image","twitter_misc":{"Est. reading time":"4 minutes"},"schema":{"@context":"https:\/\/schema.org","@graph":[{"@type":"WebPage","@id":"https:\/\/amb.se\/en\/press\/image-bank\/","url":"https:\/\/amb.se\/en\/press\/image-bank\/","name":"Image bank - AMB Industri AB","isPartOf":{"@id":"https:\/\/amb.se\/#website"},"datePublished":"2018-06-30T14:58:38+00:00","dateModified":"2018-06-30T15:08:10+00:00","breadcrumb":{"@id":"https:\/\/amb.se\/en\/press\/image-bank\/#breadcrumb"},"inLanguage":"en-US","potentialAction":[{"@type":"ReadAction","target":["https:\/\/amb.se\/en\/press\/image-bank\/"]}]},{"@type":"BreadcrumbList","@id":"https:\/\/amb.se\/en\/press\/image-bank\/#breadcrumb","itemListElement":[{"@type":"ListItem","position":1,"name":"Hem","item":"https:\/\/amb.se\/en\/"},{"@type":"ListItem","position":2,"name":"Press","item":"https:\/\/amb.se\/en\/press\/"},{"@type":"ListItem","position":3,"name":"Image bank"}]},{"@type":"WebSite","@id":"https:\/\/amb.se\/#website","url":"https:\/\/amb.se\/","name":"AMB","description":"Plastic parts. Refined.","publisher":{"@id":"https:\/\/amb.se\/#organization"},"potentialAction":[{"@type":"SearchAction","target":{"@type":"EntryPoint","urlTemplate":"https:\/\/amb.se\/?s={search_term_string}"},"query-input":{"@type":"PropertyValueSpecification","valueRequired":true,"valueName":"search_term_string"}}],"inLanguage":"en-US"},{"@type":"Organization","@id":"https:\/\/amb.se\/#organization","name":"AMB Industri AB","url":"https:\/\/amb.se\/","logo":{"@type":"ImageObject","inLanguage":"en-US","@id":"https:\/\/amb.se\/#\/schema\/logo\/image\/","url":"https:\/\/amb.se\/wp-content\/uploads\/2022\/12\/amb-logo.jpg","contentUrl":"https:\/\/amb.se\/wp-content\/uploads\/2022\/12\/amb-logo.jpg","width":620,"height":460,"caption":"AMB Industri AB"},"image":{"@id":"https:\/\/amb.se\/#\/schema\/logo\/image\/"},"sameAs":["https:\/\/www.facebook.com\/amb1946\/","https:\/\/www.instagram.com\/amb_industri\/"]}]}},"_links":{"self":[{"href":"https:\/\/amb.se\/en\/wp-json\/wp\/v2\/pages\/5405","targetHints":{"allow":["GET"]}}],"collection":[{"href":"https:\/\/amb.se\/en\/wp-json\/wp\/v2\/pages"}],"about":[{"href":"https:\/\/amb.se\/en\/wp-json\/wp\/v2\/types\/page"}],"author":[{"embeddable":true,"href":"https:\/\/amb.se\/en\/wp-json\/wp\/v2\/users\/1"}],"replies":[{"embeddable":true,"href":"https:\/\/amb.se\/en\/wp-json\/wp\/v2\/comments?post=5405"}],"version-history":[{"count":4,"href":"https:\/\/amb.se\/en\/wp-json\/wp\/v2\/pages\/5405\/revisions"}],"predecessor-version":[{"id":5415,"href":"https:\/\/amb.se\/en\/wp-json\/wp\/v2\/pages\/5405\/revisions\/5415"}],"up":[{"embeddable":true,"href":"https:\/\/amb.se\/en\/wp-json\/wp\/v2\/pages\/5390"}],"wp:attachment":[{"href":"https:\/\/amb.se\/en\/wp-json\/wp\/v2\/media?parent=5405"}],"curies":[{"name":"wp","href":"https:\/\/api.w.org\/{rel}","templated":true}]}}