
{"id":5380,"date":"2018-06-30T14:22:50","date_gmt":"2018-06-30T14:22:50","guid":{"rendered":"https:\/\/amb.se\/?page_id=5380"},"modified":"2018-06-30T14:22:50","modified_gmt":"2018-06-30T14:22:50","slug":"students-summer-jobs","status":"publish","type":"page","link":"https:\/\/amb.se\/en\/students-summer-jobs\/","title":{"rendered":"Students \/ summer jobs"},"content":{"rendered":"<div class=\"wpb-content-wrapper\">[vc_row full_width=&#8221;stretch_row&#8221; equal_height=&#8221;yes&#8221; content_placement=&#8221;middle&#8221; top_margin=&#8221;0&#8243; bottom_margin=&#8221;0&#8243; css=&#8221;.vc_custom_1509551730213{margin-bottom: -1px !important;padding-top: 30px !important;padding-bottom: 30px !important;background-color: #ffffff !important;}&#8221;][vc_column][vc_custom_heading text=&#8221;Students \/ summer jobs&#8221; font_container=&#8221;tag:h1|font_size:36|text_align:left|color:%23990000|line_height:1&#8243; use_theme_fonts=&#8221;yes&#8221; css_animation=&#8221;top-to-bottom&#8221; css=&#8221;.vc_custom_1530368373451{padding-top: 20px !important;padding-bottom: 20px !important;}&#8221;][vc_column_text 0=&#8221;&#8221;]\n<h3>Student<\/h3>\n<p>AMB is a high-tech company that strives to stay at the leading edge of technical and organisational development. That\u2019s why we make sure we have good contacts with tomorrow\u2019s workforce through our colleges and universities. Some of you will become our suppliers, some our customers, and perhaps a few might even start work with us.<\/p>\n<p>We welcome your enquiries about degree projects or theses. If you\u2019re interested, please contact us and introduce yourself and your ideas, and we\u2019ll see if we can help you \u2013 and if you can help us.<br \/>\nFor further information, please contact HR Manager\u00a0<a title=\"Susanne Molinder\" href=\"mailto:sm@amb.se\">Susanne Molinder<\/a>, phone +46 471 485 22.[\/vc_column_text][vc_separator][vc_column_text 0=&#8221;&#8221;]\n<h3>Summer jobs<\/h3>\n<p>Every year, AMB takes on a number of holiday workers at our production plant. Based on the needs of our different departments, we select suitable candidates from the applicants.<\/p>\n<h4>Assignments<\/h4>\n<p>We offer summer jobs in our production area such as operators, pickers or assembly.<\/p>\n<h4>Requirements<\/h4>\n<p>In 2018, summer jobs are available during weeks 23\u201335, and to apply, you must have turned 16 by the latest start date. Applicants with training relevant to our business will have priority. Prior experience is not a requirement, but it can be an advantage.<\/p>\n<h4>Application<\/h4>\n<p>Deadline for application for the summer 2018 is now passed. Welcome back 2019.[\/vc_column_text]<div class=\"shortcode-wrapper shortcode-spacer clearfix\"><div class=\"spacer\" style=\"height:40px;\"><\/div><\/div><div class=\"shortcode-wrapper shortcode-spacer clearfix\"><div class=\"spacer\" style=\"height:40px;\"><\/div><\/div>[\/vc_column][\/vc_row][vc_section disable_element=&#8221;yes&#8221;][vc_row][vc_column][vc_column_text 0=&#8221;&#8221;]\n<h3>Sommarjobb<\/h3>\n<p>Varje \u00e5r tar AMB in ett antal feriearbetare vid v\u00e5r produktionsanl\u00e4ggning. Utifr\u00e5n de behov som finns p\u00e5 de olika avdelningarna v\u00e4ljer vi l\u00e4mpliga kandidater bland ans\u00f6kningarna.<\/p>\n<h4>Arbetsuppgifter<\/h4>\n<p>De verksamhetsomr\u00e5den d\u00e4r vi erbjuder sommarjobb \u00e4r i v\u00e5r produktion som operat\u00f6r, plockpersonal eller montering.<\/p>\n<h4>F\u00f6ruts\u00e4ttningar<\/h4>\n<p>2018 erbjuds sommarjobb under veckorna 23\u201335 och f\u00f6r att kunna s\u00f6ka m\u00e5ste du ha fyllt 16 \u00e5r senast tilltr\u00e4desdatum. S\u00f6kande med relevant utbildning f\u00f6r v\u00e5r verksamhet prioriteras. Vi st\u00e4ller inga krav p\u00e5 att du ska ha tidigare erfarenhet, men det kan vara meriterande.<\/p>\n<h4>Ans\u00f6kan<\/h4>\n<p>Sista dag f\u00f6r ans\u00f6kan \u00e4r s\u00f6ndag 11 mars. Vi tar endast emot ans\u00f6kan via formul\u00e4ret nedan. Urvalen till semestervikariaten p\u00e5g\u00e5r vanligtvis till slutet p\u00e5 april.<\/p>\n<h4>Information<\/h4>\n<p>F\u00f6r mer information \u00e4r du v\u00e4lkommen att kontakta personalansvarig Susanne Molinder, tel 0471-48522 eller mejl\u00a0<a href=\"mailto:sm@amb.se\">sm@amb.se<\/a>.[\/vc_column_text][vc_column_text]\n<div class=\"wpcf7 no-js\" id=\"wpcf7-f4939-o1\" lang=\"sv-SE\" dir=\"ltr\" data-wpcf7-id=\"4939\">\n<div class=\"screen-reader-response\"><p role=\"status\" aria-live=\"polite\" aria-atomic=\"true\"><\/p> <ul><\/ul><\/div>\n<form action=\"\/en\/wp-json\/wp\/v2\/pages\/5380#wpcf7-f4939-o1\" method=\"post\" class=\"wpcf7-form init\" aria-label=\"Kontaktformul\u00e4r\" enctype=\"multipart\/form-data\" novalidate=\"novalidate\" data-status=\"init\">\n<fieldset class=\"hidden-fields-container\"><input type=\"hidden\" name=\"_wpcf7\" value=\"4939\" \/><input type=\"hidden\" name=\"_wpcf7_version\" value=\"6.1.3\" \/><input type=\"hidden\" name=\"_wpcf7_locale\" value=\"sv_SE\" \/><input type=\"hidden\" name=\"_wpcf7_unit_tag\" value=\"wpcf7-f4939-o1\" \/><input type=\"hidden\" name=\"_wpcf7_container_post\" value=\"0\" \/><input type=\"hidden\" name=\"_wpcf7_posted_data_hash\" value=\"\" \/><input type=\"hidden\" name=\"_wpcf7cf_hidden_group_fields\" value=\"[]\" \/><input type=\"hidden\" name=\"_wpcf7cf_hidden_groups\" value=\"[]\" \/><input type=\"hidden\" name=\"_wpcf7cf_visible_groups\" value=\"[]\" \/><input type=\"hidden\" name=\"_wpcf7cf_repeaters\" value=\"[]\" \/><input type=\"hidden\" name=\"_wpcf7cf_steps\" value=\"{}\" \/><input type=\"hidden\" name=\"_wpcf7cf_options\" value=\"{&quot;form_id&quot;:4939,&quot;conditions&quot;:[],&quot;settings&quot;:{&quot;animation&quot;:&quot;yes&quot;,&quot;animation_intime&quot;:200,&quot;animation_outtime&quot;:200,&quot;conditions_ui&quot;:&quot;normal&quot;,&quot;notice_dismissed&quot;:false,&quot;notice_dismissed_rollback-cf7-5.9.2&quot;:true,&quot;notice_dismissed_rollback-cf7-5.9.5&quot;:true}}\" \/><input type=\"hidden\" name=\"_wpcf7_recaptcha_response\" value=\"\" \/>\n<\/fieldset>\n<p><span class=\"wpcf7-form-control-wrap\" data-name=\"Godknnande\"><span class=\"wpcf7-form-control wpcf7-checkbox wpcf7-validates-as-required\"><span class=\"wpcf7-list-item first last\"><input type=\"checkbox\" name=\"Godknnande[]\" value=\"Ja, jag godk\u00e4nner att AMB lagrar mina personuppgifter. Uppgifterna kommer aldrig att l\u00e4mnas ut till tredje part, och jag kan n\u00e4r som helst kontakta AMB f\u00f6r att f\u00e5 mina uppgifter raderade. (obligatorisk)\" \/><span class=\"wpcf7-list-item-label\">Ja, jag godk\u00e4nner att AMB lagrar mina personuppgifter. Uppgifterna kommer aldrig att l\u00e4mnas ut till tredje part, och jag kan n\u00e4r som helst kontakta AMB f\u00f6r att f\u00e5 mina uppgifter raderade. (obligatorisk)<\/span><\/span><\/span><\/span>\n<\/p>\n<p>Ditt namn (obligatorisk)\n<\/p>\n<p><span class=\"wpcf7-form-control-wrap\" data-name=\"your-name\"><input size=\"40\" maxlength=\"400\" class=\"wpcf7-form-control wpcf7-text wpcf7-validates-as-required\" aria-required=\"true\" aria-invalid=\"false\" value=\"\" type=\"text\" name=\"your-name\" \/><\/span>\n<\/p>\n<p>Ditt personnummer (obligatorisk)\n<\/p>\n<p><span class=\"wpcf7-form-control-wrap\" data-name=\"Personnummer\"><input size=\"40\" maxlength=\"13\" class=\"wpcf7-form-control wpcf7-text wpcf7-validates-as-required\" aria-required=\"true\" aria-invalid=\"false\" placeholder=\"\u00c5\u00c5\u00c5\u00c5MMDD-XXXX\" value=\"\" type=\"text\" name=\"Personnummer\" \/><\/span>\n<\/p>\n<p>Adress (obligatorisk)\n<\/p>\n<p><span class=\"wpcf7-form-control-wrap\" data-name=\"gatuadress\"><input size=\"40\" maxlength=\"400\" class=\"wpcf7-form-control wpcf7-text wpcf7-validates-as-required\" aria-required=\"true\" aria-invalid=\"false\" value=\"Gatuadress\" type=\"text\" name=\"gatuadress\" \/><\/span><br \/>\n<span class=\"wpcf7-form-control-wrap\" data-name=\"postnr\"><input size=\"6\" maxlength=\"6\" class=\"wpcf7-form-control wpcf7-text\" aria-invalid=\"false\" value=\"Postnr\" type=\"text\" name=\"postnr\" \/><\/span><br \/>\n<span class=\"wpcf7-form-control-wrap\" data-name=\"postort\"><input size=\"40\" maxlength=\"400\" class=\"wpcf7-form-control wpcf7-text\" aria-invalid=\"false\" value=\"Postort\" type=\"text\" name=\"postort\" \/><\/span>\n<\/p>\n<p>Din mejladress (obligatorisk)\n<\/p>\n<p><span class=\"wpcf7-form-control-wrap\" data-name=\"your-email\"><input size=\"40\" maxlength=\"400\" class=\"wpcf7-form-control wpcf7-email wpcf7-validates-as-required wpcf7-text wpcf7-validates-as-email\" aria-required=\"true\" aria-invalid=\"false\" value=\"\" type=\"email\" name=\"your-email\" \/><\/span>\n<\/p>\n<p>Mobiltelefon (obligatorisk)\n<\/p>\n<p><span class=\"wpcf7-form-control-wrap\" data-name=\"mobilnr\"><input size=\"40\" maxlength=\"400\" class=\"wpcf7-form-control wpcf7-tel wpcf7-validates-as-required wpcf7-text wpcf7-validates-as-tel\" aria-required=\"true\" aria-invalid=\"false\" value=\"\" type=\"tel\" name=\"mobilnr\" \/><\/span>\n<\/p>\n<p>Kort personlig beskrivning (obligatorisk)\n<\/p>\n<p><span class=\"wpcf7-form-control-wrap\" data-name=\"kortbeskrivning\"><textarea cols=\"40\" rows=\"10\" maxlength=\"2000\" class=\"wpcf7-form-control wpcf7-textarea wpcf7-validates-as-required\" aria-required=\"true\" aria-invalid=\"false\" name=\"kortbeskrivning\"><\/textarea><\/span>\n<\/p>\n<p>Utbildning och tidigare arbete\n<\/p>\n<p><span class=\"wpcf7-form-control-wrap\" data-name=\"meriter\"><textarea cols=\"40\" rows=\"10\" maxlength=\"2000\" class=\"wpcf7-form-control wpcf7-textarea\" aria-invalid=\"false\" name=\"meriter\">Tidigare utbildningar\/jobb<\/textarea><\/span>\n<\/p>\n<p>Dessa veckor kan jag arbeta (obligatorisk)\n<\/p>\n<p><span class=\"wpcf7-form-control-wrap\" data-name=\"checkbox-749\"><span class=\"wpcf7-form-control wpcf7-checkbox wpcf7-validates-as-required\"><span class=\"wpcf7-list-item first\"><input type=\"checkbox\" name=\"checkbox-749[]\" value=\"v24\" \/><span class=\"wpcf7-list-item-label\">v24<\/span><\/span><span class=\"wpcf7-list-item\"><input type=\"checkbox\" name=\"checkbox-749[]\" value=\"v25\" \/><span class=\"wpcf7-list-item-label\">v25<\/span><\/span><span class=\"wpcf7-list-item\"><input type=\"checkbox\" name=\"checkbox-749[]\" value=\"v26\" \/><span class=\"wpcf7-list-item-label\">v26<\/span><\/span><span class=\"wpcf7-list-item\"><input type=\"checkbox\" name=\"checkbox-749[]\" value=\"v27\" \/><span class=\"wpcf7-list-item-label\">v27<\/span><\/span><span class=\"wpcf7-list-item\"><input type=\"checkbox\" name=\"checkbox-749[]\" value=\"v28\" \/><span class=\"wpcf7-list-item-label\">v28<\/span><\/span><span class=\"wpcf7-list-item\"><input type=\"checkbox\" name=\"checkbox-749[]\" value=\"v32\" \/><span class=\"wpcf7-list-item-label\">v32<\/span><\/span><span class=\"wpcf7-list-item\"><input type=\"checkbox\" name=\"checkbox-749[]\" value=\"v33\" \/><span class=\"wpcf7-list-item-label\">v33<\/span><\/span><span class=\"wpcf7-list-item\"><input type=\"checkbox\" name=\"checkbox-749[]\" value=\"v34\" \/><span class=\"wpcf7-list-item-label\">v34<\/span><\/span><span class=\"wpcf7-list-item last\"><input type=\"checkbox\" name=\"checkbox-749[]\" value=\"v35\" \/><span class=\"wpcf7-list-item-label\">v35<\/span><\/span><\/span><\/span>\n<\/p>\n<p>Ladda upp fil (Word-dokument eller PDF)\n<\/p>\n<p><span class=\"wpcf7-form-control-wrap\" data-name=\"cv2\"><input size=\"40\" class=\"wpcf7-form-control wpcf7-file\" accept=\".pdf,.doc,.docx\" aria-invalid=\"false\" type=\"file\" name=\"cv2\" \/><\/span>\n<\/p>\n<p>&nbsp;\n<\/p>\n<p>\n\n<\/p>\n<p>&nbsp;\n<\/p>\n<p><input class=\"wpcf7-form-control wpcf7-submit has-spinner\" type=\"submit\" value=\"Skicka\" \/>\n<\/p><div class=\"wpcf7-response-output\" aria-hidden=\"true\"><\/div>\n<\/form>\n<\/div>\n[\/vc_column_text][\/vc_column][\/vc_row][\/vc_section]\n<\/div>","protected":false},"excerpt":{"rendered":"<p>[vc_row full_width=&#8221;stretch_row&#8221; equal_height=&#8221;yes&#8221; content_placement=&#8221;middle&#8221; top_margin=&#8221;0&#8243; bottom_margin=&#8221;0&#8243; css=&#8221;.vc_custom_1509551730213{margin-bottom: -1px !important;padding-top: 30px !important;padding-bottom: 30px !important;background-color: #ffffff !important;}&#8221;][vc_column][vc_custom_heading text=&#8221;Students \/ summer jobs&#8221; font_container=&#8221;tag:h1|font_size:36|text_align:left|color:%23990000|line_height:1&#8243; use_theme_fonts=&#8221;yes&#8221; css_animation=&#8221;top-to-bottom&#8221; css=&#8221;.vc_custom_1530368373451{padding-top: 20px !important;padding-bottom: 20px !important;}&#8221;][vc_column_text 0=&#8221;&#8221;] Student AMB [&hellip;]<\/p>\n","protected":false},"author":1,"featured_media":4479,"parent":0,"menu_order":20,"comment_status":"closed","ping_status":"closed","template":"","meta":{"inline_featured_image":false,"footnotes":""},"class_list":["post-5380","page","type-page","status-publish","has-post-thumbnail","hentry"],"yoast_head":"<!-- This site is optimized with the Yoast SEO plugin v27.3 - https:\/\/yoast.com\/product\/yoast-seo-wordpress\/ -->\n<title>Students \/ summer jobs - AMB Industri AB<\/title>\n<meta name=\"robots\" content=\"index, follow, max-snippet:-1, max-image-preview:large, max-video-preview:-1\" \/>\n<link rel=\"canonical\" href=\"https:\/\/amb.se\/en\/students-summer-jobs\/\" \/>\n<meta property=\"og:locale\" content=\"en_US\" \/>\n<meta property=\"og:type\" content=\"article\" \/>\n<meta property=\"og:title\" content=\"Students \/ summer jobs - AMB Industri AB\" \/>\n<meta property=\"og:description\" content=\"[vc_row full_width=&#8221;stretch_row&#8221; equal_height=&#8221;yes&#8221; content_placement=&#8221;middle&#8221; top_margin=&#8221;0&#8243; bottom_margin=&#8221;0&#8243; css=&#8221;.vc_custom_1509551730213{margin-bottom: -1px !important;padding-top: 30px !important;padding-bottom: 30px !important;background-color: #ffffff !important;}&#8221;][vc_column][vc_custom_heading text=&#8221;Students \/ summer jobs&#8221; font_container=&#8221;tag:h1|font_size:36|text_align:left|color:%23990000|line_height:1&#8243; use_theme_fonts=&#8221;yes&#8221; css_animation=&#8221;top-to-bottom&#8221; css=&#8221;.vc_custom_1530368373451{padding-top: 20px !important;padding-bottom: 20px !important;}&#8221;][vc_column_text 0=&#8221;&#8221;] Student AMB [&hellip;]\" \/>\n<meta property=\"og:url\" content=\"https:\/\/amb.se\/en\/students-summer-jobs\/\" \/>\n<meta property=\"og:site_name\" content=\"AMB Industri AB\" \/>\n<meta property=\"article:publisher\" content=\"https:\/\/www.facebook.com\/amb1946\/\" \/>\n<meta property=\"og:image\" content=\"https:\/\/amb.se\/wp-content\/uploads\/2017\/12\/avd10-360.jpg\" \/>\n\t<meta property=\"og:image:width\" content=\"2000\" \/>\n\t<meta property=\"og:image:height\" content=\"360\" \/>\n\t<meta property=\"og:image:type\" content=\"image\/jpeg\" \/>\n<meta name=\"twitter:card\" content=\"summary_large_image\" \/>\n<meta name=\"twitter:label1\" content=\"Est. reading time\" \/>\n\t<meta name=\"twitter:data1\" content=\"2 minutes\" \/>\n<script type=\"application\/ld+json\" class=\"yoast-schema-graph\">{\"@context\":\"https:\\\/\\\/schema.org\",\"@graph\":[{\"@type\":\"WebPage\",\"@id\":\"https:\\\/\\\/amb.se\\\/en\\\/students-summer-jobs\\\/\",\"url\":\"https:\\\/\\\/amb.se\\\/en\\\/students-summer-jobs\\\/\",\"name\":\"Students \\\/ summer jobs - AMB Industri AB\",\"isPartOf\":{\"@id\":\"https:\\\/\\\/amb.se\\\/#website\"},\"primaryImageOfPage\":{\"@id\":\"https:\\\/\\\/amb.se\\\/en\\\/students-summer-jobs\\\/#primaryimage\"},\"image\":{\"@id\":\"https:\\\/\\\/amb.se\\\/en\\\/students-summer-jobs\\\/#primaryimage\"},\"thumbnailUrl\":\"https:\\\/\\\/amb.se\\\/wp-content\\\/uploads\\\/2017\\\/12\\\/avd10-360.jpg\",\"datePublished\":\"2018-06-30T14:22:50+00:00\",\"breadcrumb\":{\"@id\":\"https:\\\/\\\/amb.se\\\/en\\\/students-summer-jobs\\\/#breadcrumb\"},\"inLanguage\":\"en-US\",\"potentialAction\":[{\"@type\":\"ReadAction\",\"target\":[\"https:\\\/\\\/amb.se\\\/en\\\/students-summer-jobs\\\/\"]}]},{\"@type\":\"ImageObject\",\"inLanguage\":\"en-US\",\"@id\":\"https:\\\/\\\/amb.se\\\/en\\\/students-summer-jobs\\\/#primaryimage\",\"url\":\"https:\\\/\\\/amb.se\\\/wp-content\\\/uploads\\\/2017\\\/12\\\/avd10-360.jpg\",\"contentUrl\":\"https:\\\/\\\/amb.se\\\/wp-content\\\/uploads\\\/2017\\\/12\\\/avd10-360.jpg\",\"width\":2000,\"height\":360,\"caption\":\"Happy coworkers by an injection molding machine.\"},{\"@type\":\"BreadcrumbList\",\"@id\":\"https:\\\/\\\/amb.se\\\/en\\\/students-summer-jobs\\\/#breadcrumb\",\"itemListElement\":[{\"@type\":\"ListItem\",\"position\":1,\"name\":\"Hem\",\"item\":\"https:\\\/\\\/amb.se\\\/en\\\/\"},{\"@type\":\"ListItem\",\"position\":2,\"name\":\"Students \\\/ summer jobs\"}]},{\"@type\":\"WebSite\",\"@id\":\"https:\\\/\\\/amb.se\\\/#website\",\"url\":\"https:\\\/\\\/amb.se\\\/\",\"name\":\"AMB\",\"description\":\"Plastic parts. Refined.\",\"publisher\":{\"@id\":\"https:\\\/\\\/amb.se\\\/#organization\"},\"potentialAction\":[{\"@type\":\"SearchAction\",\"target\":{\"@type\":\"EntryPoint\",\"urlTemplate\":\"https:\\\/\\\/amb.se\\\/?s={search_term_string}\"},\"query-input\":{\"@type\":\"PropertyValueSpecification\",\"valueRequired\":true,\"valueName\":\"search_term_string\"}}],\"inLanguage\":\"en-US\"},{\"@type\":\"Organization\",\"@id\":\"https:\\\/\\\/amb.se\\\/#organization\",\"name\":\"AMB Industri AB\",\"url\":\"https:\\\/\\\/amb.se\\\/\",\"logo\":{\"@type\":\"ImageObject\",\"inLanguage\":\"en-US\",\"@id\":\"https:\\\/\\\/amb.se\\\/#\\\/schema\\\/logo\\\/image\\\/\",\"url\":\"https:\\\/\\\/amb.se\\\/wp-content\\\/uploads\\\/2022\\\/12\\\/amb-logo.jpg\",\"contentUrl\":\"https:\\\/\\\/amb.se\\\/wp-content\\\/uploads\\\/2022\\\/12\\\/amb-logo.jpg\",\"width\":620,\"height\":460,\"caption\":\"AMB Industri AB\"},\"image\":{\"@id\":\"https:\\\/\\\/amb.se\\\/#\\\/schema\\\/logo\\\/image\\\/\"},\"sameAs\":[\"https:\\\/\\\/www.facebook.com\\\/amb1946\\\/\",\"https:\\\/\\\/www.instagram.com\\\/amb_industri\\\/\"]}]}<\/script>\n<!-- \/ Yoast SEO plugin. -->","yoast_head_json":{"title":"Students \/ summer jobs - AMB Industri AB","robots":{"index":"index","follow":"follow","max-snippet":"max-snippet:-1","max-image-preview":"max-image-preview:large","max-video-preview":"max-video-preview:-1"},"canonical":"https:\/\/amb.se\/en\/students-summer-jobs\/","og_locale":"en_US","og_type":"article","og_title":"Students \/ summer jobs - AMB Industri AB","og_description":"[vc_row full_width=&#8221;stretch_row&#8221; equal_height=&#8221;yes&#8221; content_placement=&#8221;middle&#8221; top_margin=&#8221;0&#8243; bottom_margin=&#8221;0&#8243; css=&#8221;.vc_custom_1509551730213{margin-bottom: -1px !important;padding-top: 30px !important;padding-bottom: 30px !important;background-color: #ffffff !important;}&#8221;][vc_column][vc_custom_heading text=&#8221;Students \/ summer jobs&#8221; font_container=&#8221;tag:h1|font_size:36|text_align:left|color:%23990000|line_height:1&#8243; use_theme_fonts=&#8221;yes&#8221; css_animation=&#8221;top-to-bottom&#8221; css=&#8221;.vc_custom_1530368373451{padding-top: 20px !important;padding-bottom: 20px !important;}&#8221;][vc_column_text 0=&#8221;&#8221;] Student AMB [&hellip;]","og_url":"https:\/\/amb.se\/en\/students-summer-jobs\/","og_site_name":"AMB Industri AB","article_publisher":"https:\/\/www.facebook.com\/amb1946\/","og_image":[{"width":2000,"height":360,"url":"https:\/\/amb.se\/wp-content\/uploads\/2017\/12\/avd10-360.jpg","type":"image\/jpeg"}],"twitter_card":"summary_large_image","twitter_misc":{"Est. reading time":"2 minutes"},"schema":{"@context":"https:\/\/schema.org","@graph":[{"@type":"WebPage","@id":"https:\/\/amb.se\/en\/students-summer-jobs\/","url":"https:\/\/amb.se\/en\/students-summer-jobs\/","name":"Students \/ summer jobs - AMB Industri AB","isPartOf":{"@id":"https:\/\/amb.se\/#website"},"primaryImageOfPage":{"@id":"https:\/\/amb.se\/en\/students-summer-jobs\/#primaryimage"},"image":{"@id":"https:\/\/amb.se\/en\/students-summer-jobs\/#primaryimage"},"thumbnailUrl":"https:\/\/amb.se\/wp-content\/uploads\/2017\/12\/avd10-360.jpg","datePublished":"2018-06-30T14:22:50+00:00","breadcrumb":{"@id":"https:\/\/amb.se\/en\/students-summer-jobs\/#breadcrumb"},"inLanguage":"en-US","potentialAction":[{"@type":"ReadAction","target":["https:\/\/amb.se\/en\/students-summer-jobs\/"]}]},{"@type":"ImageObject","inLanguage":"en-US","@id":"https:\/\/amb.se\/en\/students-summer-jobs\/#primaryimage","url":"https:\/\/amb.se\/wp-content\/uploads\/2017\/12\/avd10-360.jpg","contentUrl":"https:\/\/amb.se\/wp-content\/uploads\/2017\/12\/avd10-360.jpg","width":2000,"height":360,"caption":"Happy coworkers by an injection molding machine."},{"@type":"BreadcrumbList","@id":"https:\/\/amb.se\/en\/students-summer-jobs\/#breadcrumb","itemListElement":[{"@type":"ListItem","position":1,"name":"Hem","item":"https:\/\/amb.se\/en\/"},{"@type":"ListItem","position":2,"name":"Students \/ summer jobs"}]},{"@type":"WebSite","@id":"https:\/\/amb.se\/#website","url":"https:\/\/amb.se\/","name":"AMB","description":"Plastic parts. Refined.","publisher":{"@id":"https:\/\/amb.se\/#organization"},"potentialAction":[{"@type":"SearchAction","target":{"@type":"EntryPoint","urlTemplate":"https:\/\/amb.se\/?s={search_term_string}"},"query-input":{"@type":"PropertyValueSpecification","valueRequired":true,"valueName":"search_term_string"}}],"inLanguage":"en-US"},{"@type":"Organization","@id":"https:\/\/amb.se\/#organization","name":"AMB Industri AB","url":"https:\/\/amb.se\/","logo":{"@type":"ImageObject","inLanguage":"en-US","@id":"https:\/\/amb.se\/#\/schema\/logo\/image\/","url":"https:\/\/amb.se\/wp-content\/uploads\/2022\/12\/amb-logo.jpg","contentUrl":"https:\/\/amb.se\/wp-content\/uploads\/2022\/12\/amb-logo.jpg","width":620,"height":460,"caption":"AMB Industri AB"},"image":{"@id":"https:\/\/amb.se\/#\/schema\/logo\/image\/"},"sameAs":["https:\/\/www.facebook.com\/amb1946\/","https:\/\/www.instagram.com\/amb_industri\/"]}]}},"_links":{"self":[{"href":"https:\/\/amb.se\/en\/wp-json\/wp\/v2\/pages\/5380","targetHints":{"allow":["GET"]}}],"collection":[{"href":"https:\/\/amb.se\/en\/wp-json\/wp\/v2\/pages"}],"about":[{"href":"https:\/\/amb.se\/en\/wp-json\/wp\/v2\/types\/page"}],"author":[{"embeddable":true,"href":"https:\/\/amb.se\/en\/wp-json\/wp\/v2\/users\/1"}],"replies":[{"embeddable":true,"href":"https:\/\/amb.se\/en\/wp-json\/wp\/v2\/comments?post=5380"}],"version-history":[{"count":2,"href":"https:\/\/amb.se\/en\/wp-json\/wp\/v2\/pages\/5380\/revisions"}],"predecessor-version":[{"id":5382,"href":"https:\/\/amb.se\/en\/wp-json\/wp\/v2\/pages\/5380\/revisions\/5382"}],"wp:featuredmedia":[{"embeddable":true,"href":"https:\/\/amb.se\/en\/wp-json\/wp\/v2\/media\/4479"}],"wp:attachment":[{"href":"https:\/\/amb.se\/en\/wp-json\/wp\/v2\/media?parent=5380"}],"curies":[{"name":"wp","href":"https:\/\/api.w.org\/{rel}","templated":true}]}}