
{"id":5313,"date":"2018-06-30T11:15:28","date_gmt":"2018-06-30T11:15:28","guid":{"rendered":"https:\/\/amb.se\/?page_id=5313"},"modified":"2025-11-25T08:54:33","modified_gmt":"2025-11-25T08:54:33","slug":"seminar","status":"publish","type":"page","link":"https:\/\/amb.se\/en\/seminar\/","title":{"rendered":"Seminar"},"content":{"rendered":"<div class=\"wpb-content-wrapper\">[vc_row full_width=&#8221;stretch_row&#8221; equal_height=&#8221;yes&#8221; content_placement=&#8221;middle&#8221; top_margin=&#8221;0&#8243; bottom_margin=&#8221;0&#8243; css=&#8221;.vc_custom_1509551730213{margin-bottom: -1px !important;padding-top: 30px !important;padding-bottom: 30px !important;background-color: #ffffff !important;}&#8221;][vc_column][vc_custom_heading text=&#8221;Seminar: Fantastic Plastics&#8221; font_container=&#8221;tag:h1|font_size:36|text_align:left|color:%23990000|line_height:1&#8243; use_theme_fonts=&#8221;yes&#8221; css_animation=&#8221;top-to-bottom&#8221; css=&#8221;.vc_custom_1682331941943{padding-top: 20px !important;padding-bottom: 20px !important;}&#8221;][vc_column_text 0=&#8221;&#8221; css=&#8221;.vc_custom_1764060870112{margin-top: -30px !important;}&#8221;]\n<h2>\u2013 a guided tour from concept to product launch<\/h2>\n<h3>Do you work with development in life science?<\/h3>\n<p>Plastic-based medtech, labtech, and healthtech devices extend, enhance and save lives in unique ways. But when it comes to plastic medical devices, there are many aspects to consider, and a lot of pitfalls on the road from idea to successful sales.<\/p>\n<h3>Do you have an idea for a life science device?<\/h3>\n<p>The seminar is aimed at providing you with tips and examples of practical projects based on our wide experience of successful projects. There will also be an opportunity for discussion and questions after the review.<\/p>\n<p>Among other things, we will review the following:<\/p>\n<p style=\"padding-left: 30px;\">\u2022 Why you should \u201ckill your darlings\u201d in the concept phase<\/p>\n<p style=\"padding-left: 30px;\">\u2022 What to think about before classifying a product and choosing the sterilisation method<\/p>\n<p style=\"padding-left: 30px;\">\u2022 How your product design affects the possibility of optimal production<\/p>\n[\/vc_column_text][vc_row_inner][vc_column_inner width=&#8221;1\/2&#8243;][vc_column_text]\n<h3>Visited cities<\/h3>\n<p style=\"padding-left: 30px;\"><em>\u2022 Lund, 15 Oktober 2015<\/em><\/p>\n<p style=\"padding-left: 30px;\"><em>\u2022 Stockholm, 27 April 2016<\/em><\/p>\n<p style=\"padding-left: 30px;\"><em>\u2022 Gothenburg, 20 Oktober 2016<\/em><\/p>\n<p style=\"padding-left: 30px;\"><em>\u2022 Ume\u00e5, 19 January 2017<\/em><\/p>\n<p style=\"padding-left: 30px;\"><em>\u2022 Gothenburg, 18 Oktober 2017<\/em><\/p>\n<p style=\"padding-left: 30px;\"><em>\u2022 Stockholm, 23 January 2018<\/em><\/p>\n<p style=\"padding-left: 30px;\"><em>\u2022 Oslo, 7 February 2018<\/em><\/p>\n<p style=\"padding-left: 30px;\"><em>\u2022 Online, 23 September 2021<\/em><\/p>\n<p style=\"padding-left: 30px;\"><em>\u2022 Lund, 23 November 2022<\/em><\/p>\n[\/vc_column_text][\/vc_column_inner][vc_column_inner width=&#8221;1\/2&#8243;][vc_column_text css=&#8221;&#8221;]\n<h3>Current cities<\/h3>\n<p>WE&#8217;RE CURRENTLY PLANNING FOR OUR NEXT SEMINAR<\/p>\n<p><i class=\"icon-pen\"><\/i><a href=\"mailto:rr@amb.se?Subject=Please%20come%20to%20our%20city\" class=\"hb-button special-icon hb-alizarin hb-large-button hb-animate-element hb-right-to-left\" target=\"_blank\" style=\"-webkit-border-radius: 2px;-moz-border-radius: 2px;border-radius: 2px;\"><i class=\"icon-flag\"><\/i>I'M INTERESTED<\/a>[\/vc_column_text][\/vc_column_inner][\/vc_row_inner][vc_column_text 0=&#8221;&#8221;]\n<h3>Lecturers<\/h3>\n[\/vc_column_text][vc_row_inner gap=&#8221;10&#8243;][vc_column_inner width=&#8221;1\/3&#8243;]<div class=\"shortcode-wrapper shortcode-teaser hb-animate-element hb-flip-y\" data-delay=\"300\"><div class=\"hb-teaser-column\"><img loading=\"lazy\" decoding=\"async\" src=\"https:\/\/amb.se\/wp-content\/uploads\/2021\/09\/dan-526x350.jpg\" width=\"526\" height=\"350\" alt=\"Portrait of Dan Karlsson\" \/><div class=\"teaser-content alignleft\"><h6 class=\"special\">Dan Karlsson<\/h6>PhD, Project Manager Alten Sverige AB. Dan has several years\u00a0of experience from the development of medical devices,\u00a0especially in the light of the regulatory requirements acting\u00a0on such devices from international standards and national\u00a0legislation.<\/div><\/div><!-- END .hb-teaser-column --><\/div>[\/vc_column_inner][vc_column_inner width=&#8221;1\/3&#8243;]<div class=\"shortcode-wrapper shortcode-teaser hb-animate-element hb-flip-y\"><div class=\"hb-teaser-column\"><img loading=\"lazy\" decoding=\"async\" src=\"https:\/\/amb.se\/wp-content\/uploads\/2022\/11\/bjopet-526x350.jpg\" width=\"526\" height=\"350\" alt=\"Portrait of a man wearing glasses, photographed in close-up.\" \/><div class=\"teaser-content alignleft\"><h6 class=\"special\">Bj\u00f6rn Petersson<\/h6>Bj\u00f6rn Petersson from <a href=\"https:\/\/www.albis.com\/en\" target=\"_blank\" rel=\"noopener\">Albis<\/a> will help you find the best suitable plastic material.<\/div><\/div><!-- END .hb-teaser-column --><\/div>[\/vc_column_inner][vc_column_inner width=&#8221;1\/3&#8243;]<div class=\"shortcode-wrapper shortcode-teaser hb-animate-element hb-flip-y\" data-delay=\"300\"><div class=\"hb-teaser-column\"><img loading=\"lazy\" decoding=\"async\" src=\"https:\/\/amb.se\/wp-content\/uploads\/2017\/12\/jerker-526x350.jpg\" width=\"526\" height=\"350\" alt=\"N\u00e4rbild p\u00e5 Jerker leende med industrimilj\u00f6 i bakgrunden.\" \/><div class=\"teaser-content alignleft\"><h6 class=\"special\">Jerker \u00c5kesson<\/h6>Previously KAM Medtech at AMB in Lund, now CEO at<a href=\"http:\/\/www.tingverken.se\" target=\"_blank\" rel=\"noopener\"> Tingverken.<\/a> Specialist in injection moulding and quality assurance.<\/div><\/div><!-- END .hb-teaser-column --><\/div>[\/vc_column_inner][\/vc_row_inner][vc_row_inner gap=&#8221;10&#8243;][vc_column_inner width=&#8221;1\/3&#8243;]<div class=\"shortcode-wrapper shortcode-teaser hb-animate-element hb-flip-y\" data-delay=\"600\"><div class=\"hb-teaser-column\"><img loading=\"lazy\" decoding=\"async\" src=\"https:\/\/amb.se\/wp-content\/uploads\/2022\/05\/kim-526x350-1.jpg\" width=\"526\" height=\"350\" alt=\"Portrait of a man, photographed in close-up.\" \/><div class=\"teaser-content alignleft\"><h6 class=\"special\">Kim Skov Mortensen<\/h6>Kim from <a href=\"https:\/\/zeiss.com\" target=\"_blank\" rel=\"noopener\">Zeiss<\/a> will tell us about the art of measurement.<\/div><\/div><!-- END .hb-teaser-column --><\/div>[\/vc_column_inner][vc_column_inner width=&#8221;1\/3&#8243;]<div class=\"shortcode-wrapper shortcode-teaser hb-animate-element hb-flip-y\"><div class=\"hb-teaser-column\"><img loading=\"lazy\" decoding=\"async\" src=\"https:\/\/amb.se\/wp-content\/uploads\/2017\/12\/hl-526x350.jpg\" width=\"526\" height=\"350\" alt=\"N\u00e4rbild p\u00e5 H\u00e5kan Lavebratt leende med industrimilj\u00f6 i bakgrunden.\" \/><div class=\"teaser-content alignleft\"><h6 class=\"special\">H\u00e5kan Lavebratt<\/h6>PhD, Material Science (Polymers), KAM Medtech AMB. H\u00e5kan has broad experience in industrialisation projects with leading-edge expertise in polymer materials, injection moulding and surface treatment. The seminar\u2019s moderator.<\/div><\/div><!-- END .hb-teaser-column --><\/div>[\/vc_column_inner][vc_column_inner width=&#8221;1\/3&#8243;]<div class=\"shortcode-wrapper shortcode-teaser hb-animate-element hb-flip-y\" data-delay=\"600\"><div class=\"hb-teaser-column\"><img loading=\"lazy\" decoding=\"async\" src=\"https:\/\/amb.se\/wp-content\/uploads\/2022\/11\/robrud2-526x350.jpg\" width=\"526\" height=\"350\" alt=\"Portrait of Robert Rudensj\u00f6\" \/><div class=\"teaser-content alignleft\"><h6 class=\"special\">Robert Rudensj\u00f6<\/h6>Robert Rudensj\u00f6 is Marketing and Sales Manager of AMB and will be our host.<\/div><\/div><!-- END .hb-teaser-column --><\/div>[\/vc_column_inner][\/vc_row_inner][vc_row_inner gap=&#8221;10&#8243;][vc_column_inner width=&#8221;1\/3&#8243;]<div class=\"shortcode-wrapper shortcode-teaser hb-animate-element hb-flip-y\" data-delay=\"600\"><div class=\"hb-teaser-column\"><img loading=\"lazy\" decoding=\"async\" src=\"https:\/\/amb.se\/wp-content\/uploads\/2023\/02\/marand-526x350.jpg\" width=\"526\" height=\"350\" alt=\"Black-and-white portrait of a smiling man, photographed in close-up.\" \/><div class=\"teaser-content alignleft\"><h6 class=\"special\">Marius Andresen<\/h6>Marius and Kevin from <a href=\"https:\/\/www.k8.no\" target=\"_blank\" rel=\"noopener\">K8 Industridesign<\/a> will share their experiences on managing medical product development, from user needs to market launch.<\/div><\/div><!-- END .hb-teaser-column --><\/div>[\/vc_column_inner][vc_column_inner width=&#8221;1\/3&#8243;]<div class=\"shortcode-wrapper shortcode-teaser hb-animate-element hb-flip-y\"><div class=\"hb-teaser-column\"><img loading=\"lazy\" decoding=\"async\" src=\"https:\/\/amb.se\/wp-content\/uploads\/2023\/02\/kevgee-526x350.jpg\" width=\"526\" height=\"350\" alt=\"Black-and-white portrait of a smiling man wearing glasses, photographed in close-up.\" \/><div class=\"teaser-content alignleft\"><h6 class=\"special\">Kevin Geers<\/h6>Marius and Kevin from <a href=\"https:\/\/www.k8.no\" target=\"_blank\" rel=\"noopener\">K8 Industridesign<\/a> will share their experiences on managing medical product development, from user needs to market launch.<\/div><\/div><!-- END .hb-teaser-column --><\/div>[\/vc_column_inner][vc_column_inner width=&#8221;1\/3&#8243;][\/vc_column_inner][\/vc_row_inner][vc_column_text 0=&#8221;&#8221;]\n<h3>We organise the seminar<\/h3>\n<p>You are invited to this free seminar by six companies with many years\u2019 experience in the development and industrialisation of plastic medical technology products, and we are all specialists in our respective fields.<\/p>\n<p>&nbsp;<\/p>\n<table>\n<tbody>\n<tr>\n<td><img loading=\"lazy\" decoding=\"async\" class=\"alignleft size-full wp-image-4242\" src=\"https:\/\/amb.se\/wp-content\/uploads\/2017\/12\/amb-logo.png\" alt=\"\" width=\"130\" height=\"70\" \/><\/td>\n<td>AMB works with injection moulding, surface treatment and plastic component assembly primarily for medical applications, but also lighting and electronics.<\/td>\n<\/tr>\n<tr>\n<td><img loading=\"lazy\" decoding=\"async\" class=\"alignleft size-full wp-image-4246\" src=\"https:\/\/amb.se\/wp-content\/uploads\/2021\/09\/alten-logo.png\" alt=\"\" width=\"130\" height=\"70\" \/><\/td>\n<td>Alten is a leading consultancy firm, active in areas from space technology to life science, with services in mechanics, electronics, software, project management, regulatory advice, industrial design and ergonomics.<\/td>\n<\/tr>\n<tr>\n<td><img loading=\"lazy\" decoding=\"async\" class=\"alignleft size-full wp-image-4244\" src=\"https:\/\/amb.se\/wp-content\/uploads\/2017\/12\/tv-logo.png\" alt=\"\" width=\"130\" height=\"70\" \/><\/td>\n<td>Tingverken designs, engineers and builds precision moulds for the production of complex plastic parts with exceptional tolerances for the medical technology and precision engineering industry.<\/td>\n<\/tr>\n<tr>\n<td><img loading=\"lazy\" decoding=\"async\" class=\"alignleft wp-image-12805 size-full\" src=\"https:\/\/amb.se\/wp-content\/uploads\/2022\/05\/albis-logo.png\" alt=\"\" width=\"130\" height=\"70\" \/><\/td>\n<td>Albis is one of the leading polymer distributors worldwide, with 40 different polymer types in 3500 different grades in their catalogue.<\/td>\n<\/tr>\n<tr>\n<td><img loading=\"lazy\" decoding=\"async\" class=\"alignleft wp-image-12803 size-full\" src=\"https:\/\/amb.se\/wp-content\/uploads\/2022\/05\/zeiss-logo.png\" alt=\"\" width=\"130\" height=\"70\" \/><\/td>\n<td>Zeiss are an internationally leading technology enterprise operating in the fields of optics and optoelectronics.<\/td>\n<\/tr>\n<tr>\n<td><img loading=\"lazy\" decoding=\"async\" class=\"alignleft wp-image-12803 size-full\" src=\"https:\/\/amb.se\/wp-content\/uploads\/2023\/02\/k8-logo.png\" alt=\"\" width=\"130\" height=\"70\" \/><\/td>\n<td>K8 Industridesign is one of the most experienced Norwegian design- and engineering consultancies, working with everything from high volume medtech consumables to on-body battery-powered sensors, digital UX\/UI and advanced high-end user-centered diagnostics equipment.<\/td>\n<\/tr>\n<\/tbody>\n<\/table>\n[\/vc_column_text][vc_column_text 0=&#8221;&#8221;]\n<h3>Contact<\/h3>\n<p>If you have questions about the seminar or would like us to come to your city, please contact H\u00e5kan Lavebratt at <a href=\"mailto:hl@amb.se\">hl@amb.se<\/a>\u00a0or +46\u00a070\u00a0685\u00a040\u00a013.[\/vc_column_text]<div class=\"shortcode-wrapper shortcode-spacer clearfix\"><div class=\"spacer\" style=\"height:40px;\"><\/div><\/div>[\/vc_column][\/vc_row]\n<\/div>","protected":false},"excerpt":{"rendered":"<p>[vc_row full_width=&#8221;stretch_row&#8221; equal_height=&#8221;yes&#8221; content_placement=&#8221;middle&#8221; top_margin=&#8221;0&#8243; bottom_margin=&#8221;0&#8243; css=&#8221;.vc_custom_1509551730213{margin-bottom: -1px !important;padding-top: 30px !important;padding-bottom: 30px !important;background-color: #ffffff !important;}&#8221;][vc_column][vc_custom_heading text=&#8221;Seminar: Fantastic Plastics&#8221; font_container=&#8221;tag:h1|font_size:36|text_align:left|color:%23990000|line_height:1&#8243; use_theme_fonts=&#8221;yes&#8221; css_animation=&#8221;top-to-bottom&#8221; css=&#8221;.vc_custom_1682331941943{padding-top: 20px !important;padding-bottom: 20px !important;}&#8221;][vc_column_text 0=&#8221;&#8221; css=&#8221;.vc_custom_1764060870112{margin-top: -30px !important;}&#8221;] [&hellip;]<\/p>\n","protected":false},"author":1,"featured_media":0,"parent":0,"menu_order":3,"comment_status":"closed","ping_status":"closed","template":"","meta":{"inline_featured_image":false,"footnotes":""},"class_list":["post-5313","page","type-page","status-publish","hentry"],"yoast_head":"<!-- This site is optimized with the Yoast SEO plugin v27.5 - https:\/\/yoast.com\/product\/yoast-seo-wordpress\/ -->\n<title>Seminar: Medical technical plastic parts - AMB<\/title>\n<meta name=\"robots\" content=\"index, follow, max-snippet:-1, max-image-preview:large, max-video-preview:-1\" \/>\n<link rel=\"canonical\" href=\"https:\/\/amb.se\/en\/seminar\/\" \/>\n<meta property=\"og:locale\" content=\"en_US\" \/>\n<meta property=\"og:type\" content=\"article\" \/>\n<meta property=\"og:title\" content=\"Seminar: Medical technical plastic parts - AMB\" \/>\n<meta property=\"og:description\" content=\"[vc_row full_width=&#8221;stretch_row&#8221; equal_height=&#8221;yes&#8221; content_placement=&#8221;middle&#8221; top_margin=&#8221;0&#8243; bottom_margin=&#8221;0&#8243; css=&#8221;.vc_custom_1509551730213{margin-bottom: -1px !important;padding-top: 30px !important;padding-bottom: 30px !important;background-color: #ffffff !important;}&#8221;][vc_column][vc_custom_heading text=&#8221;Seminar: Fantastic Plastics&#8221; font_container=&#8221;tag:h1|font_size:36|text_align:left|color:%23990000|line_height:1&#8243; use_theme_fonts=&#8221;yes&#8221; css_animation=&#8221;top-to-bottom&#8221; css=&#8221;.vc_custom_1682331941943{padding-top: 20px !important;padding-bottom: 20px !important;}&#8221;][vc_column_text 0=&#8221;&#8221; css=&#8221;.vc_custom_1764060870112{margin-top: -30px !important;}&#8221;] [&hellip;]\" \/>\n<meta property=\"og:url\" content=\"https:\/\/amb.se\/en\/seminar\/\" \/>\n<meta property=\"og:site_name\" content=\"AMB Industri AB\" \/>\n<meta property=\"article:publisher\" content=\"https:\/\/www.facebook.com\/amb1946\/\" \/>\n<meta property=\"article:modified_time\" content=\"2025-11-25T08:54:33+00:00\" \/>\n<meta property=\"og:image\" content=\"https:\/\/amb.se\/wp-content\/uploads\/2017\/12\/amb-logo.png\" \/>\n<meta name=\"twitter:card\" content=\"summary_large_image\" \/>\n<meta name=\"twitter:label1\" content=\"Est. reading time\" \/>\n\t<meta name=\"twitter:data1\" content=\"4 minutes\" \/>\n<script type=\"application\/ld+json\" class=\"yoast-schema-graph\">{\"@context\":\"https:\\\/\\\/schema.org\",\"@graph\":[{\"@type\":\"WebPage\",\"@id\":\"https:\\\/\\\/amb.se\\\/en\\\/seminar\\\/\",\"url\":\"https:\\\/\\\/amb.se\\\/en\\\/seminar\\\/\",\"name\":\"Seminar: Medical technical plastic parts - AMB\",\"isPartOf\":{\"@id\":\"https:\\\/\\\/amb.se\\\/#website\"},\"primaryImageOfPage\":{\"@id\":\"https:\\\/\\\/amb.se\\\/en\\\/seminar\\\/#primaryimage\"},\"image\":{\"@id\":\"https:\\\/\\\/amb.se\\\/en\\\/seminar\\\/#primaryimage\"},\"thumbnailUrl\":\"https:\\\/\\\/amb.se\\\/wp-content\\\/uploads\\\/2017\\\/12\\\/amb-logo.png\",\"datePublished\":\"2018-06-30T11:15:28+00:00\",\"dateModified\":\"2025-11-25T08:54:33+00:00\",\"breadcrumb\":{\"@id\":\"https:\\\/\\\/amb.se\\\/en\\\/seminar\\\/#breadcrumb\"},\"inLanguage\":\"en-US\",\"potentialAction\":[{\"@type\":\"ReadAction\",\"target\":[\"https:\\\/\\\/amb.se\\\/en\\\/seminar\\\/\"]}]},{\"@type\":\"ImageObject\",\"inLanguage\":\"en-US\",\"@id\":\"https:\\\/\\\/amb.se\\\/en\\\/seminar\\\/#primaryimage\",\"url\":\"https:\\\/\\\/amb.se\\\/wp-content\\\/uploads\\\/2017\\\/12\\\/amb-logo.png\",\"contentUrl\":\"https:\\\/\\\/amb.se\\\/wp-content\\\/uploads\\\/2017\\\/12\\\/amb-logo.png\"},{\"@type\":\"BreadcrumbList\",\"@id\":\"https:\\\/\\\/amb.se\\\/en\\\/seminar\\\/#breadcrumb\",\"itemListElement\":[{\"@type\":\"ListItem\",\"position\":1,\"name\":\"Hem\",\"item\":\"https:\\\/\\\/amb.se\\\/en\\\/\"},{\"@type\":\"ListItem\",\"position\":2,\"name\":\"Seminar\"}]},{\"@type\":\"WebSite\",\"@id\":\"https:\\\/\\\/amb.se\\\/#website\",\"url\":\"https:\\\/\\\/amb.se\\\/\",\"name\":\"AMB\",\"description\":\"Plastic parts. Refined.\",\"publisher\":{\"@id\":\"https:\\\/\\\/amb.se\\\/#organization\"},\"potentialAction\":[{\"@type\":\"SearchAction\",\"target\":{\"@type\":\"EntryPoint\",\"urlTemplate\":\"https:\\\/\\\/amb.se\\\/?s={search_term_string}\"},\"query-input\":{\"@type\":\"PropertyValueSpecification\",\"valueRequired\":true,\"valueName\":\"search_term_string\"}}],\"inLanguage\":\"en-US\"},{\"@type\":\"Organization\",\"@id\":\"https:\\\/\\\/amb.se\\\/#organization\",\"name\":\"AMB Industri AB\",\"url\":\"https:\\\/\\\/amb.se\\\/\",\"logo\":{\"@type\":\"ImageObject\",\"inLanguage\":\"en-US\",\"@id\":\"https:\\\/\\\/amb.se\\\/#\\\/schema\\\/logo\\\/image\\\/\",\"url\":\"https:\\\/\\\/amb.se\\\/wp-content\\\/uploads\\\/2022\\\/12\\\/amb-logo.jpg\",\"contentUrl\":\"https:\\\/\\\/amb.se\\\/wp-content\\\/uploads\\\/2022\\\/12\\\/amb-logo.jpg\",\"width\":620,\"height\":460,\"caption\":\"AMB Industri AB\"},\"image\":{\"@id\":\"https:\\\/\\\/amb.se\\\/#\\\/schema\\\/logo\\\/image\\\/\"},\"sameAs\":[\"https:\\\/\\\/www.facebook.com\\\/amb1946\\\/\",\"https:\\\/\\\/www.instagram.com\\\/amb_industri\\\/\"]}]}<\/script>\n<!-- \/ Yoast SEO plugin. -->","yoast_head_json":{"title":"Seminar: Medical technical plastic parts - AMB","robots":{"index":"index","follow":"follow","max-snippet":"max-snippet:-1","max-image-preview":"max-image-preview:large","max-video-preview":"max-video-preview:-1"},"canonical":"https:\/\/amb.se\/en\/seminar\/","og_locale":"en_US","og_type":"article","og_title":"Seminar: Medical technical plastic parts - AMB","og_description":"[vc_row full_width=&#8221;stretch_row&#8221; equal_height=&#8221;yes&#8221; content_placement=&#8221;middle&#8221; top_margin=&#8221;0&#8243; bottom_margin=&#8221;0&#8243; css=&#8221;.vc_custom_1509551730213{margin-bottom: -1px !important;padding-top: 30px !important;padding-bottom: 30px !important;background-color: #ffffff !important;}&#8221;][vc_column][vc_custom_heading text=&#8221;Seminar: Fantastic Plastics&#8221; font_container=&#8221;tag:h1|font_size:36|text_align:left|color:%23990000|line_height:1&#8243; use_theme_fonts=&#8221;yes&#8221; css_animation=&#8221;top-to-bottom&#8221; css=&#8221;.vc_custom_1682331941943{padding-top: 20px !important;padding-bottom: 20px !important;}&#8221;][vc_column_text 0=&#8221;&#8221; css=&#8221;.vc_custom_1764060870112{margin-top: -30px !important;}&#8221;] [&hellip;]","og_url":"https:\/\/amb.se\/en\/seminar\/","og_site_name":"AMB Industri AB","article_publisher":"https:\/\/www.facebook.com\/amb1946\/","article_modified_time":"2025-11-25T08:54:33+00:00","og_image":[{"url":"https:\/\/amb.se\/wp-content\/uploads\/2017\/12\/amb-logo.png","type":"","width":"","height":""}],"twitter_card":"summary_large_image","twitter_misc":{"Est. reading time":"4 minutes"},"schema":{"@context":"https:\/\/schema.org","@graph":[{"@type":"WebPage","@id":"https:\/\/amb.se\/en\/seminar\/","url":"https:\/\/amb.se\/en\/seminar\/","name":"Seminar: Medical technical plastic parts - AMB","isPartOf":{"@id":"https:\/\/amb.se\/#website"},"primaryImageOfPage":{"@id":"https:\/\/amb.se\/en\/seminar\/#primaryimage"},"image":{"@id":"https:\/\/amb.se\/en\/seminar\/#primaryimage"},"thumbnailUrl":"https:\/\/amb.se\/wp-content\/uploads\/2017\/12\/amb-logo.png","datePublished":"2018-06-30T11:15:28+00:00","dateModified":"2025-11-25T08:54:33+00:00","breadcrumb":{"@id":"https:\/\/amb.se\/en\/seminar\/#breadcrumb"},"inLanguage":"en-US","potentialAction":[{"@type":"ReadAction","target":["https:\/\/amb.se\/en\/seminar\/"]}]},{"@type":"ImageObject","inLanguage":"en-US","@id":"https:\/\/amb.se\/en\/seminar\/#primaryimage","url":"https:\/\/amb.se\/wp-content\/uploads\/2017\/12\/amb-logo.png","contentUrl":"https:\/\/amb.se\/wp-content\/uploads\/2017\/12\/amb-logo.png"},{"@type":"BreadcrumbList","@id":"https:\/\/amb.se\/en\/seminar\/#breadcrumb","itemListElement":[{"@type":"ListItem","position":1,"name":"Hem","item":"https:\/\/amb.se\/en\/"},{"@type":"ListItem","position":2,"name":"Seminar"}]},{"@type":"WebSite","@id":"https:\/\/amb.se\/#website","url":"https:\/\/amb.se\/","name":"AMB","description":"Plastic parts. Refined.","publisher":{"@id":"https:\/\/amb.se\/#organization"},"potentialAction":[{"@type":"SearchAction","target":{"@type":"EntryPoint","urlTemplate":"https:\/\/amb.se\/?s={search_term_string}"},"query-input":{"@type":"PropertyValueSpecification","valueRequired":true,"valueName":"search_term_string"}}],"inLanguage":"en-US"},{"@type":"Organization","@id":"https:\/\/amb.se\/#organization","name":"AMB Industri AB","url":"https:\/\/amb.se\/","logo":{"@type":"ImageObject","inLanguage":"en-US","@id":"https:\/\/amb.se\/#\/schema\/logo\/image\/","url":"https:\/\/amb.se\/wp-content\/uploads\/2022\/12\/amb-logo.jpg","contentUrl":"https:\/\/amb.se\/wp-content\/uploads\/2022\/12\/amb-logo.jpg","width":620,"height":460,"caption":"AMB Industri AB"},"image":{"@id":"https:\/\/amb.se\/#\/schema\/logo\/image\/"},"sameAs":["https:\/\/www.facebook.com\/amb1946\/","https:\/\/www.instagram.com\/amb_industri\/"]}]}},"_links":{"self":[{"href":"https:\/\/amb.se\/en\/wp-json\/wp\/v2\/pages\/5313","targetHints":{"allow":["GET"]}}],"collection":[{"href":"https:\/\/amb.se\/en\/wp-json\/wp\/v2\/pages"}],"about":[{"href":"https:\/\/amb.se\/en\/wp-json\/wp\/v2\/types\/page"}],"author":[{"embeddable":true,"href":"https:\/\/amb.se\/en\/wp-json\/wp\/v2\/users\/1"}],"replies":[{"embeddable":true,"href":"https:\/\/amb.se\/en\/wp-json\/wp\/v2\/comments?post=5313"}],"version-history":[{"count":33,"href":"https:\/\/amb.se\/en\/wp-json\/wp\/v2\/pages\/5313\/revisions"}],"predecessor-version":[{"id":18865,"href":"https:\/\/amb.se\/en\/wp-json\/wp\/v2\/pages\/5313\/revisions\/18865"}],"wp:attachment":[{"href":"https:\/\/amb.se\/en\/wp-json\/wp\/v2\/media?parent=5313"}],"curies":[{"name":"wp","href":"https:\/\/api.w.org\/{rel}","templated":true}]}}