
{"id":5274,"date":"2018-06-30T10:22:34","date_gmt":"2018-06-30T10:22:34","guid":{"rendered":"https:\/\/amb.se\/?page_id=5274"},"modified":"2025-12-22T21:17:04","modified_gmt":"2025-12-22T21:17:04","slug":"ownership-the-board-and-executive-management","status":"publish","type":"page","link":"https:\/\/amb.se\/en\/corporate-governance\/ownership-the-board-and-executive-management\/","title":{"rendered":"Ownership, the board and executive management"},"content":{"rendered":"<div class=\"wpb-content-wrapper\">[vc_row full_width=&#8221;stretch_row&#8221; equal_height=&#8221;yes&#8221; content_placement=&#8221;middle&#8221; top_margin=&#8221;0&#8243; bottom_margin=&#8221;0&#8243; css=&#8221;.vc_custom_1509551730213{margin-bottom: -1px !important;padding-top: 30px !important;padding-bottom: 30px !important;background-color: #ffffff !important;}&#8221;][vc_column][vc_custom_heading text=&#8221;Ownership, the board and executive management&#8221; font_container=&#8221;tag:h1|font_size:36|text_align:left|color:%23990000|line_height:1&#8243; use_theme_fonts=&#8221;yes&#8221; css_animation=&#8221;top-to-bottom&#8221; css=&#8221;.vc_custom_1530353886229{padding-top: 20px !important;padding-bottom: 20px !important;}&#8221;][vc_column_text 0=&#8221;&#8221; css=&#8221;&#8221;]\n<h3>Ownership<\/h3>\n<p>AMB is owned by the Magnusson family, which has run the operation since the company was founded in 1946, and since 1996 by the third generation. Thus the company\u2019s owners are well versed in the business and its markets. The owners\u2019 express ambition is for AMB to continue as a family-owned business, and a valuable presence in the region. AMB\u2019s role in society must be characterised overall by transparency and responsibility.<\/p>\n<p>The company\u2019s overall objective is to gain satisfied, confident, long-term customers and to be an interesting and stimulating workplace for employees. This will be achieved through a combination of sustained growth and high profitability that enables continued investment.<\/p>\n<p>As a family business, there are above all two things that set us apart from others: a forward-looking approach and our family business culture. We seek to build a strong company for the future and create enduring value together. Long-term relationships are much more important to us than short-term gain. Our southern Swedish family business culture is reflected in our methods, which are characterised by common sense, helpfulness and informality where problems are solved as soon as they arise. Ours is a flat, nimble organisation that works together and shows respect for each other \u2013 just like a family.<\/p>\n<div class=\"gap\"><\/div>\n<h3>The board<\/h3>\n<p><strong><img loading=\"lazy\" decoding=\"async\" class=\"alignnone wp-image-16663 size-full\" src=\"https:\/\/amb.se\/wp-content\/uploads\/2024\/06\/amb-styrelse_202406.jpg\" alt=\"\" width=\"1536\" height=\"886\" srcset=\"https:\/\/amb.se\/wp-content\/uploads\/2024\/06\/amb-styrelse_202406.jpg 1536w, https:\/\/amb.se\/wp-content\/uploads\/2024\/06\/amb-styrelse_202406-300x173.jpg 300w, https:\/\/amb.se\/wp-content\/uploads\/2024\/06\/amb-styrelse_202406-1024x591.jpg 1024w, https:\/\/amb.se\/wp-content\/uploads\/2024\/06\/amb-styrelse_202406-768x443.jpg 768w\" sizes=\"auto, (max-width: 1536px) 100vw, 1536px\" \/>AMB\u2019s Board, 2024.<\/strong>\u00a0<em>From left to right: Jonathan Magnusson, b. 1996; Tomas Magnusson (CEO), b. 1964; H\u00e5kan Lavebratt (Chairman) b. 1963; Hanna <i>Sj\u00f6str\u00f6m, b. 1979; Cecilia Nillroth, b. 1965; Annika Arvidsson, b. 1984; <\/i>Lars Wilander, b. 1956; Bj\u00f6rn Magnusson, b. 1972 och Liselotte Welander Melkersson, b. 1966.<\/em><\/p>\n<p>Six board members are elected by the Annual General Meeting, and two are employee representatives elected by the members of the two major trades unions. Board members and the Chairman are elected annually at the AGM for the period up until the next AGM. Company executives participate in Board meetings to make presentations or act as experts in specific matters.<\/p>\n<p>The work of the Board is governed by annually adopted rules concerning the internal allocation of work, decision-making procedures within the company, authorised signatories, Board meeting procedures and the duties of the Chairman. The Board has also adopted an instruction concerning the allocation of work between the Board and the CEO.<\/p>\n<p>The Board monitors the CEO\u2019s work and is responsible for the organisation, management and the guidelines for ensuring that the administration of the company\u2019s funds is suitably structured. The Board is also responsible for developing and monitoring the company\u2019s strategies by means of plans and objectives, decisions on acquisitions, major investments and ongoing supervision of the business.<\/p>\n<p>The Chairman leads the work of the Board to ensure that it is performed in compliance with the Swedish Companies Act and other relevant legislation. He monitors operations in consultation with the CEO and is responsible for ensuring that other Board members get the information necessary for high quality discussions and decisions. The chairman is also responsible for evaluating board performance.<\/p>\n<p>Our wholly-owned subsidiaries\u00a0<a title=\"Tingverken\" href=\"http:\/\/www.tingverken.se\/\" target=\"_blank\" rel=\"noopener noreferrer\">Tingverken AB<\/a>\u00a0and Tingverken Fastighets AB have their own boards.<\/p>\n<div class=\"gap\"><\/div>\n<h3>External auditors<\/h3>\n<p>AMB\u2019s auditors are elected by the AGM for a period of one year.\u00a0<a title=\"Deloitte AB Emmaboda\" href=\"https:\/\/www.accessrevision.se\" target=\"_blank\" rel=\"noopener noreferrer\">Access Revision<\/a> in Emmaboda was re-elected for one year at the 2025 AGM with Torbj\u00f6rn Carlsn\u00e4s as auditor-in-charge. The company\u2019s auditor reports his observations from the audit and is assessment of the Company\u2019s internal controls to the Board as a whole. In addition to its regular audit duties, Access assists primarily with reviews in connection with acquisitions and advice in accounting issues.[\/vc_column_text]<div class=\"shortcode-wrapper shortcode-spacer clearfix\"><div class=\"spacer\" style=\"height:40px;\"><\/div><\/div>[\/vc_column][\/vc_row]\n<\/div>","protected":false},"excerpt":{"rendered":"<p>[vc_row full_width=&#8221;stretch_row&#8221; equal_height=&#8221;yes&#8221; content_placement=&#8221;middle&#8221; top_margin=&#8221;0&#8243; bottom_margin=&#8221;0&#8243; css=&#8221;.vc_custom_1509551730213{margin-bottom: -1px !important;padding-top: 30px !important;padding-bottom: 30px !important;background-color: #ffffff !important;}&#8221;][vc_column][vc_custom_heading text=&#8221;Ownership, the board and executive management&#8221; font_container=&#8221;tag:h1|font_size:36|text_align:left|color:%23990000|line_height:1&#8243; use_theme_fonts=&#8221;yes&#8221; css_animation=&#8221;top-to-bottom&#8221; css=&#8221;.vc_custom_1530353886229{padding-top: 20px !important;padding-bottom: 20px !important;}&#8221;][vc_column_text 0=&#8221;&#8221; [&hellip;]<\/p>\n","protected":false},"author":1,"featured_media":4805,"parent":5272,"menu_order":0,"comment_status":"closed","ping_status":"closed","template":"","meta":{"inline_featured_image":false,"footnotes":""},"class_list":["post-5274","page","type-page","status-publish","has-post-thumbnail","hentry"],"yoast_head":"<!-- This site is optimized with the Yoast SEO plugin v27.5 - https:\/\/yoast.com\/product\/yoast-seo-wordpress\/ -->\n<title>Ownership, the board and executive management - AMB Industri AB<\/title>\n<meta name=\"robots\" content=\"index, follow, max-snippet:-1, max-image-preview:large, max-video-preview:-1\" \/>\n<link rel=\"canonical\" href=\"https:\/\/amb.se\/en\/corporate-governance\/ownership-the-board-and-executive-management\/\" \/>\n<meta property=\"og:locale\" content=\"en_US\" \/>\n<meta property=\"og:type\" content=\"article\" \/>\n<meta property=\"og:title\" content=\"Ownership, the board and executive management - AMB Industri AB\" \/>\n<meta property=\"og:description\" content=\"[vc_row full_width=&#8221;stretch_row&#8221; equal_height=&#8221;yes&#8221; content_placement=&#8221;middle&#8221; top_margin=&#8221;0&#8243; bottom_margin=&#8221;0&#8243; css=&#8221;.vc_custom_1509551730213{margin-bottom: -1px !important;padding-top: 30px !important;padding-bottom: 30px !important;background-color: #ffffff !important;}&#8221;][vc_column][vc_custom_heading text=&#8221;Ownership, the board and executive management&#8221; font_container=&#8221;tag:h1|font_size:36|text_align:left|color:%23990000|line_height:1&#8243; use_theme_fonts=&#8221;yes&#8221; css_animation=&#8221;top-to-bottom&#8221; css=&#8221;.vc_custom_1530353886229{padding-top: 20px !important;padding-bottom: 20px !important;}&#8221;][vc_column_text 0=&#8221;&#8221; [&hellip;]\" \/>\n<meta property=\"og:url\" content=\"https:\/\/amb.se\/en\/corporate-governance\/ownership-the-board-and-executive-management\/\" \/>\n<meta property=\"og:site_name\" content=\"AMB Industri AB\" \/>\n<meta property=\"article:publisher\" content=\"https:\/\/www.facebook.com\/amb1946\/\" \/>\n<meta property=\"article:modified_time\" content=\"2025-12-22T21:17:04+00:00\" \/>\n<meta property=\"og:image\" content=\"https:\/\/amb.se\/wp-content\/uploads\/2018\/01\/automation3_top-scroll.jpg\" \/>\n\t<meta property=\"og:image:width\" content=\"2000\" \/>\n\t<meta property=\"og:image:height\" content=\"800\" \/>\n\t<meta property=\"og:image:type\" content=\"image\/jpeg\" \/>\n<meta name=\"twitter:card\" content=\"summary_large_image\" \/>\n<meta name=\"twitter:label1\" content=\"Est. reading time\" \/>\n\t<meta name=\"twitter:data1\" content=\"3 minutes\" \/>\n<script type=\"application\/ld+json\" class=\"yoast-schema-graph\">{\"@context\":\"https:\\\/\\\/schema.org\",\"@graph\":[{\"@type\":\"WebPage\",\"@id\":\"https:\\\/\\\/amb.se\\\/en\\\/corporate-governance\\\/ownership-the-board-and-executive-management\\\/\",\"url\":\"https:\\\/\\\/amb.se\\\/en\\\/corporate-governance\\\/ownership-the-board-and-executive-management\\\/\",\"name\":\"Ownership, the board and executive management - AMB Industri AB\",\"isPartOf\":{\"@id\":\"https:\\\/\\\/amb.se\\\/#website\"},\"primaryImageOfPage\":{\"@id\":\"https:\\\/\\\/amb.se\\\/en\\\/corporate-governance\\\/ownership-the-board-and-executive-management\\\/#primaryimage\"},\"image\":{\"@id\":\"https:\\\/\\\/amb.se\\\/en\\\/corporate-governance\\\/ownership-the-board-and-executive-management\\\/#primaryimage\"},\"thumbnailUrl\":\"https:\\\/\\\/amb.se\\\/wp-content\\\/uploads\\\/2018\\\/01\\\/automation3_top-scroll.jpg\",\"datePublished\":\"2018-06-30T10:22:34+00:00\",\"dateModified\":\"2025-12-22T21:17:04+00:00\",\"breadcrumb\":{\"@id\":\"https:\\\/\\\/amb.se\\\/en\\\/corporate-governance\\\/ownership-the-board-and-executive-management\\\/#breadcrumb\"},\"inLanguage\":\"en-US\",\"potentialAction\":[{\"@type\":\"ReadAction\",\"target\":[\"https:\\\/\\\/amb.se\\\/en\\\/corporate-governance\\\/ownership-the-board-and-executive-management\\\/\"]}]},{\"@type\":\"ImageObject\",\"inLanguage\":\"en-US\",\"@id\":\"https:\\\/\\\/amb.se\\\/en\\\/corporate-governance\\\/ownership-the-board-and-executive-management\\\/#primaryimage\",\"url\":\"https:\\\/\\\/amb.se\\\/wp-content\\\/uploads\\\/2018\\\/01\\\/automation3_top-scroll.jpg\",\"contentUrl\":\"https:\\\/\\\/amb.se\\\/wp-content\\\/uploads\\\/2018\\\/01\\\/automation3_top-scroll.jpg\",\"width\":2000,\"height\":800,\"caption\":\"Close-up of a robotic arm handling a small injection-molded plastic part using vacuum grip in an automated production line.\"},{\"@type\":\"BreadcrumbList\",\"@id\":\"https:\\\/\\\/amb.se\\\/en\\\/corporate-governance\\\/ownership-the-board-and-executive-management\\\/#breadcrumb\",\"itemListElement\":[{\"@type\":\"ListItem\",\"position\":1,\"name\":\"Hem\",\"item\":\"https:\\\/\\\/amb.se\\\/en\\\/\"},{\"@type\":\"ListItem\",\"position\":2,\"name\":\"Corporate governance\",\"item\":\"https:\\\/\\\/amb.se\\\/en\\\/corporate-governance\\\/\"},{\"@type\":\"ListItem\",\"position\":3,\"name\":\"Ownership, the board and executive management\"}]},{\"@type\":\"WebSite\",\"@id\":\"https:\\\/\\\/amb.se\\\/#website\",\"url\":\"https:\\\/\\\/amb.se\\\/\",\"name\":\"AMB\",\"description\":\"Plastic parts. Refined.\",\"publisher\":{\"@id\":\"https:\\\/\\\/amb.se\\\/#organization\"},\"potentialAction\":[{\"@type\":\"SearchAction\",\"target\":{\"@type\":\"EntryPoint\",\"urlTemplate\":\"https:\\\/\\\/amb.se\\\/?s={search_term_string}\"},\"query-input\":{\"@type\":\"PropertyValueSpecification\",\"valueRequired\":true,\"valueName\":\"search_term_string\"}}],\"inLanguage\":\"en-US\"},{\"@type\":\"Organization\",\"@id\":\"https:\\\/\\\/amb.se\\\/#organization\",\"name\":\"AMB Industri AB\",\"url\":\"https:\\\/\\\/amb.se\\\/\",\"logo\":{\"@type\":\"ImageObject\",\"inLanguage\":\"en-US\",\"@id\":\"https:\\\/\\\/amb.se\\\/#\\\/schema\\\/logo\\\/image\\\/\",\"url\":\"https:\\\/\\\/amb.se\\\/wp-content\\\/uploads\\\/2022\\\/12\\\/amb-logo.jpg\",\"contentUrl\":\"https:\\\/\\\/amb.se\\\/wp-content\\\/uploads\\\/2022\\\/12\\\/amb-logo.jpg\",\"width\":620,\"height\":460,\"caption\":\"AMB Industri AB\"},\"image\":{\"@id\":\"https:\\\/\\\/amb.se\\\/#\\\/schema\\\/logo\\\/image\\\/\"},\"sameAs\":[\"https:\\\/\\\/www.facebook.com\\\/amb1946\\\/\",\"https:\\\/\\\/www.instagram.com\\\/amb_industri\\\/\"]}]}<\/script>\n<!-- \/ Yoast SEO plugin. -->","yoast_head_json":{"title":"Ownership, the board and executive management - AMB Industri AB","robots":{"index":"index","follow":"follow","max-snippet":"max-snippet:-1","max-image-preview":"max-image-preview:large","max-video-preview":"max-video-preview:-1"},"canonical":"https:\/\/amb.se\/en\/corporate-governance\/ownership-the-board-and-executive-management\/","og_locale":"en_US","og_type":"article","og_title":"Ownership, the board and executive management - AMB Industri AB","og_description":"[vc_row full_width=&#8221;stretch_row&#8221; equal_height=&#8221;yes&#8221; content_placement=&#8221;middle&#8221; top_margin=&#8221;0&#8243; bottom_margin=&#8221;0&#8243; css=&#8221;.vc_custom_1509551730213{margin-bottom: -1px !important;padding-top: 30px !important;padding-bottom: 30px !important;background-color: #ffffff !important;}&#8221;][vc_column][vc_custom_heading text=&#8221;Ownership, the board and executive management&#8221; font_container=&#8221;tag:h1|font_size:36|text_align:left|color:%23990000|line_height:1&#8243; use_theme_fonts=&#8221;yes&#8221; css_animation=&#8221;top-to-bottom&#8221; css=&#8221;.vc_custom_1530353886229{padding-top: 20px !important;padding-bottom: 20px !important;}&#8221;][vc_column_text 0=&#8221;&#8221; [&hellip;]","og_url":"https:\/\/amb.se\/en\/corporate-governance\/ownership-the-board-and-executive-management\/","og_site_name":"AMB Industri AB","article_publisher":"https:\/\/www.facebook.com\/amb1946\/","article_modified_time":"2025-12-22T21:17:04+00:00","og_image":[{"width":2000,"height":800,"url":"https:\/\/amb.se\/wp-content\/uploads\/2018\/01\/automation3_top-scroll.jpg","type":"image\/jpeg"}],"twitter_card":"summary_large_image","twitter_misc":{"Est. reading time":"3 minutes"},"schema":{"@context":"https:\/\/schema.org","@graph":[{"@type":"WebPage","@id":"https:\/\/amb.se\/en\/corporate-governance\/ownership-the-board-and-executive-management\/","url":"https:\/\/amb.se\/en\/corporate-governance\/ownership-the-board-and-executive-management\/","name":"Ownership, the board and executive management - AMB Industri AB","isPartOf":{"@id":"https:\/\/amb.se\/#website"},"primaryImageOfPage":{"@id":"https:\/\/amb.se\/en\/corporate-governance\/ownership-the-board-and-executive-management\/#primaryimage"},"image":{"@id":"https:\/\/amb.se\/en\/corporate-governance\/ownership-the-board-and-executive-management\/#primaryimage"},"thumbnailUrl":"https:\/\/amb.se\/wp-content\/uploads\/2018\/01\/automation3_top-scroll.jpg","datePublished":"2018-06-30T10:22:34+00:00","dateModified":"2025-12-22T21:17:04+00:00","breadcrumb":{"@id":"https:\/\/amb.se\/en\/corporate-governance\/ownership-the-board-and-executive-management\/#breadcrumb"},"inLanguage":"en-US","potentialAction":[{"@type":"ReadAction","target":["https:\/\/amb.se\/en\/corporate-governance\/ownership-the-board-and-executive-management\/"]}]},{"@type":"ImageObject","inLanguage":"en-US","@id":"https:\/\/amb.se\/en\/corporate-governance\/ownership-the-board-and-executive-management\/#primaryimage","url":"https:\/\/amb.se\/wp-content\/uploads\/2018\/01\/automation3_top-scroll.jpg","contentUrl":"https:\/\/amb.se\/wp-content\/uploads\/2018\/01\/automation3_top-scroll.jpg","width":2000,"height":800,"caption":"Close-up of a robotic arm handling a small injection-molded plastic part using vacuum grip in an automated production line."},{"@type":"BreadcrumbList","@id":"https:\/\/amb.se\/en\/corporate-governance\/ownership-the-board-and-executive-management\/#breadcrumb","itemListElement":[{"@type":"ListItem","position":1,"name":"Hem","item":"https:\/\/amb.se\/en\/"},{"@type":"ListItem","position":2,"name":"Corporate governance","item":"https:\/\/amb.se\/en\/corporate-governance\/"},{"@type":"ListItem","position":3,"name":"Ownership, the board and executive management"}]},{"@type":"WebSite","@id":"https:\/\/amb.se\/#website","url":"https:\/\/amb.se\/","name":"AMB","description":"Plastic parts. Refined.","publisher":{"@id":"https:\/\/amb.se\/#organization"},"potentialAction":[{"@type":"SearchAction","target":{"@type":"EntryPoint","urlTemplate":"https:\/\/amb.se\/?s={search_term_string}"},"query-input":{"@type":"PropertyValueSpecification","valueRequired":true,"valueName":"search_term_string"}}],"inLanguage":"en-US"},{"@type":"Organization","@id":"https:\/\/amb.se\/#organization","name":"AMB Industri AB","url":"https:\/\/amb.se\/","logo":{"@type":"ImageObject","inLanguage":"en-US","@id":"https:\/\/amb.se\/#\/schema\/logo\/image\/","url":"https:\/\/amb.se\/wp-content\/uploads\/2022\/12\/amb-logo.jpg","contentUrl":"https:\/\/amb.se\/wp-content\/uploads\/2022\/12\/amb-logo.jpg","width":620,"height":460,"caption":"AMB Industri AB"},"image":{"@id":"https:\/\/amb.se\/#\/schema\/logo\/image\/"},"sameAs":["https:\/\/www.facebook.com\/amb1946\/","https:\/\/www.instagram.com\/amb_industri\/"]}]}},"_links":{"self":[{"href":"https:\/\/amb.se\/en\/wp-json\/wp\/v2\/pages\/5274","targetHints":{"allow":["GET"]}}],"collection":[{"href":"https:\/\/amb.se\/en\/wp-json\/wp\/v2\/pages"}],"about":[{"href":"https:\/\/amb.se\/en\/wp-json\/wp\/v2\/types\/page"}],"author":[{"embeddable":true,"href":"https:\/\/amb.se\/en\/wp-json\/wp\/v2\/users\/1"}],"replies":[{"embeddable":true,"href":"https:\/\/amb.se\/en\/wp-json\/wp\/v2\/comments?post=5274"}],"version-history":[{"count":14,"href":"https:\/\/amb.se\/en\/wp-json\/wp\/v2\/pages\/5274\/revisions"}],"predecessor-version":[{"id":18968,"href":"https:\/\/amb.se\/en\/wp-json\/wp\/v2\/pages\/5274\/revisions\/18968"}],"up":[{"embeddable":true,"href":"https:\/\/amb.se\/en\/wp-json\/wp\/v2\/pages\/5272"}],"wp:featuredmedia":[{"embeddable":true,"href":"https:\/\/amb.se\/en\/wp-json\/wp\/v2\/media\/4805"}],"wp:attachment":[{"href":"https:\/\/amb.se\/en\/wp-json\/wp\/v2\/media?parent=5274"}],"curies":[{"name":"wp","href":"https:\/\/api.w.org\/{rel}","templated":true}]}}