
{"id":5252,"date":"2018-06-30T09:49:07","date_gmt":"2018-06-30T09:49:07","guid":{"rendered":"https:\/\/amb.se\/?page_id=5252"},"modified":"2025-12-22T21:14:47","modified_gmt":"2025-12-22T21:14:47","slug":"amb-in-a-nutshell","status":"publish","type":"page","link":"https:\/\/amb.se\/en\/amb-in-a-nutshell\/","title":{"rendered":"AMB in a nutshell"},"content":{"rendered":"<div class=\"wpb-content-wrapper\">[vc_row full_width=&#8221;stretch_row&#8221; equal_height=&#8221;yes&#8221; content_placement=&#8221;middle&#8221; top_margin=&#8221;0&#8243; bottom_margin=&#8221;0&#8243; css=&#8221;.vc_custom_1509551730213{margin-bottom: -1px !important;padding-top: 30px !important;padding-bottom: 30px !important;background-color: #ffffff !important;}&#8221;][vc_column][vc_custom_heading text=&#8221;AMB in a nutshell&#8221; font_container=&#8221;tag:h1|font_size:36|text_align:left|color:%23990000|line_height:1&#8243; use_theme_fonts=&#8221;yes&#8221; css_animation=&#8221;top-to-bottom&#8221; css=&#8221;.vc_custom_1530351809532{padding-top: 20px !important;padding-bottom: 20px !important;}&#8221;][vc_column_text 0=&#8221;&#8221; css=&#8221;&#8221;]AMB is a family-owned company, operating primarily within the life science field. AMB can offer the full processing chain from engineering design and tool creation to injection moulding, surface treatment and assembly.<\/p>\n<h3>Everything under one roof<\/h3>\n<p>Our strength is our ability to undertake everything from plastic parts with or without surface treatment to assembly of finished, quality assured products all under a single roof. Surface treatment includes reflection, EMC and other shielding; decoration, manual and automated lacquering. We have specialised in lacquering plastic for several decades.<\/p>\n<h3>World-leading production<\/h3>\n<p>We\u2019re world leaders in the surface treatment of hearing aids and also offer injection moulding in cleanrooms for medical technology instruments and single-use devices. Floor space at AMB\u2019s production plant in Broakulla in south-eastern Sweden is today around 22,000 square meters. We also have sales offices in Falkenberg and Nora.[\/vc_column_text][vc_column_text 0=&#8221;&#8221; css=&#8221;&#8221;]\n<h3>In brief<\/h3>\n<table>\n<tbody>\n<tr>\n<td>Operations<\/td>\n<td>Injection moulds and plastic part processing for growth industries.<\/td>\n<\/tr>\n<tr>\n<td>Location<\/td>\n<td>Broakulla in Sm\u00e5land, about 60 km from Kalmar, V\u00e4xj\u00f6 and Karlskrona respectively.<\/td>\n<\/tr>\n<tr>\n<td>Average number of employees 2023\/2024 (group)<\/td>\n<td>217<\/td>\n<\/tr>\n<tr>\n<td>Sales 2023\/2024 (group)<\/td>\n<td>SEK 328 million<\/td>\n<\/tr>\n<tr>\n<td>Chief Executive Officer<\/td>\n<td>Tomas Magnusson<\/td>\n<\/tr>\n<tr>\n<td>Chairman of the Board<\/td>\n<td>H\u00e5kan Lavebratt<\/td>\n<\/tr>\n<tr>\n<td>Established<\/td>\n<td>1946, founded by Osvald Astevall, Ragnar Magnusson and Helge Bergkvist.<\/td>\n<\/tr>\n<tr>\n<td>Ownership<\/td>\n<td>The company is owned by the third generation of the Magnusson family.<\/td>\n<\/tr>\n<tr>\n<td>Quality certification<\/td>\n<td>ISO 9001:2015, ISO 14001:2015 and ISO 13485:2016.<\/td>\n<\/tr>\n<tr>\n<td>Subsidiaries<\/td>\n<td><a href=\"http:\/\/www.tingverken.se\/en\/\" target=\"_blank\" rel=\"noopener noreferrer\">Tingverken AB<\/a> and Tingverken Fastighets AB.<\/td>\n<\/tr>\n<\/tbody>\n<\/table>\n[\/vc_column_text]<div class=\"shortcode-wrapper shortcode-spacer clearfix\"><div class=\"spacer\" style=\"height:40px;\"><\/div><\/div>[vc_row_inner][vc_column_inner width=&#8221;5\/6&#8243;][vc_column_text 0=&#8221;&#8221;]\n<h3><a name=\"_Toc516146613\"><\/a><span lang=\"EN-GB\">Multi-year overview, EBIT\/sales (SEK million)<\/span><\/h3>\n[\/vc_column_text][vc_line_chart legend=&#8221;&#8221; x_values=&#8221;2024\/25; 2023\/24; 2022\/23; 2021\/22; 2020\/21; 2019\/20; 2018\/19; 2017\/18; 2016\/17; 2015\/16;&#8221; values=&#8221;%5B%7B%22title%22%3A%22EBIT%22%2C%22y_values%22%3A%2242%3B%2023%3B%2064%3B%2062%3B%2058%3B%2034%3B%2034%3B%2041%3B%2022%3B%2015%3B%22%2C%22color%22%3A%22juicy-pink%22%7D%2C%7B%22title%22%3A%22Sales%22%2C%22y_values%22%3A%22328%3B%20316%3B%20324%3B%20324%3B%20286%3B%20241%3B%20224%3B%20213%3B%20178%3B%20170%3B%22%2C%22color%22%3A%22chino%22%7D%5D&#8221; css_animation=&#8221;slideInUp&#8221; css=&#8221;&#8221;][\/vc_column_inner][vc_column_inner width=&#8221;1\/6&#8243;][\/vc_column_inner][\/vc_row_inner]<div class=\"shortcode-wrapper shortcode-spacer clearfix\"><div class=\"spacer\" style=\"height:40px;\"><\/div><\/div>[\/vc_column][\/vc_row]\n<\/div>","protected":false},"excerpt":{"rendered":"<p>[vc_row full_width=&#8221;stretch_row&#8221; equal_height=&#8221;yes&#8221; content_placement=&#8221;middle&#8221; top_margin=&#8221;0&#8243; bottom_margin=&#8221;0&#8243; css=&#8221;.vc_custom_1509551730213{margin-bottom: -1px !important;padding-top: 30px !important;padding-bottom: 30px !important;background-color: #ffffff !important;}&#8221;][vc_column][vc_custom_heading text=&#8221;AMB in a nutshell&#8221; font_container=&#8221;tag:h1|font_size:36|text_align:left|color:%23990000|line_height:1&#8243; use_theme_fonts=&#8221;yes&#8221; css_animation=&#8221;top-to-bottom&#8221; css=&#8221;.vc_custom_1530351809532{padding-top: 20px !important;padding-bottom: 20px !important;}&#8221;][vc_column_text 0=&#8221;&#8221; css=&#8221;&#8221;]AMB is [&hellip;]<\/p>\n","protected":false},"author":1,"featured_media":18349,"parent":0,"menu_order":0,"comment_status":"closed","ping_status":"closed","template":"","meta":{"inline_featured_image":false,"footnotes":""},"class_list":["post-5252","page","type-page","status-publish","has-post-thumbnail","hentry"],"yoast_head":"<!-- This site is optimized with the Yoast SEO plugin v27.5 - https:\/\/yoast.com\/product\/yoast-seo-wordpress\/ -->\n<title>AMB in a nutshell - AMB Industri AB<\/title>\n<meta name=\"robots\" content=\"index, follow, max-snippet:-1, max-image-preview:large, max-video-preview:-1\" \/>\n<link rel=\"canonical\" href=\"https:\/\/amb.se\/en\/amb-in-a-nutshell\/\" \/>\n<meta property=\"og:locale\" content=\"en_US\" \/>\n<meta property=\"og:type\" content=\"article\" \/>\n<meta property=\"og:title\" content=\"AMB in a nutshell - AMB Industri AB\" \/>\n<meta property=\"og:description\" content=\"[vc_row full_width=&#8221;stretch_row&#8221; equal_height=&#8221;yes&#8221; content_placement=&#8221;middle&#8221; top_margin=&#8221;0&#8243; bottom_margin=&#8221;0&#8243; css=&#8221;.vc_custom_1509551730213{margin-bottom: -1px !important;padding-top: 30px !important;padding-bottom: 30px !important;background-color: #ffffff !important;}&#8221;][vc_column][vc_custom_heading text=&#8221;AMB in a nutshell&#8221; font_container=&#8221;tag:h1|font_size:36|text_align:left|color:%23990000|line_height:1&#8243; use_theme_fonts=&#8221;yes&#8221; css_animation=&#8221;top-to-bottom&#8221; css=&#8221;.vc_custom_1530351809532{padding-top: 20px !important;padding-bottom: 20px !important;}&#8221;][vc_column_text 0=&#8221;&#8221; css=&#8221;&#8221;]AMB is [&hellip;]\" \/>\n<meta property=\"og:url\" content=\"https:\/\/amb.se\/en\/amb-in-a-nutshell\/\" \/>\n<meta property=\"og:site_name\" content=\"AMB Industri AB\" \/>\n<meta property=\"article:publisher\" content=\"https:\/\/www.facebook.com\/amb1946\/\" \/>\n<meta property=\"article:modified_time\" content=\"2025-12-22T21:14:47+00:00\" \/>\n<meta property=\"og:image\" content=\"https:\/\/amb.se\/wp-content\/uploads\/2025\/06\/amb_2025-06.jpg\" \/>\n\t<meta property=\"og:image:width\" content=\"2000\" \/>\n\t<meta property=\"og:image:height\" content=\"800\" \/>\n\t<meta property=\"og:image:type\" content=\"image\/jpeg\" \/>\n<meta name=\"twitter:card\" content=\"summary_large_image\" \/>\n<meta name=\"twitter:label1\" content=\"Est. reading time\" \/>\n\t<meta name=\"twitter:data1\" content=\"2 minutes\" \/>\n<script type=\"application\/ld+json\" class=\"yoast-schema-graph\">{\"@context\":\"https:\\\/\\\/schema.org\",\"@graph\":[{\"@type\":\"WebPage\",\"@id\":\"https:\\\/\\\/amb.se\\\/en\\\/amb-in-a-nutshell\\\/\",\"url\":\"https:\\\/\\\/amb.se\\\/en\\\/amb-in-a-nutshell\\\/\",\"name\":\"AMB in a nutshell - AMB Industri AB\",\"isPartOf\":{\"@id\":\"https:\\\/\\\/amb.se\\\/#website\"},\"primaryImageOfPage\":{\"@id\":\"https:\\\/\\\/amb.se\\\/en\\\/amb-in-a-nutshell\\\/#primaryimage\"},\"image\":{\"@id\":\"https:\\\/\\\/amb.se\\\/en\\\/amb-in-a-nutshell\\\/#primaryimage\"},\"thumbnailUrl\":\"https:\\\/\\\/amb.se\\\/wp-content\\\/uploads\\\/2025\\\/06\\\/amb_2025-06.jpg\",\"datePublished\":\"2018-06-30T09:49:07+00:00\",\"dateModified\":\"2025-12-22T21:14:47+00:00\",\"breadcrumb\":{\"@id\":\"https:\\\/\\\/amb.se\\\/en\\\/amb-in-a-nutshell\\\/#breadcrumb\"},\"inLanguage\":\"en-US\",\"potentialAction\":[{\"@type\":\"ReadAction\",\"target\":[\"https:\\\/\\\/amb.se\\\/en\\\/amb-in-a-nutshell\\\/\"]}]},{\"@type\":\"ImageObject\",\"inLanguage\":\"en-US\",\"@id\":\"https:\\\/\\\/amb.se\\\/en\\\/amb-in-a-nutshell\\\/#primaryimage\",\"url\":\"https:\\\/\\\/amb.se\\\/wp-content\\\/uploads\\\/2025\\\/06\\\/amb_2025-06.jpg\",\"contentUrl\":\"https:\\\/\\\/amb.se\\\/wp-content\\\/uploads\\\/2025\\\/06\\\/amb_2025-06.jpg\",\"width\":2000,\"height\":800,\"caption\":\"Aerial view of AMB\u2019s large production facility with red buildings and parking areas, surrounded by forest.\"},{\"@type\":\"BreadcrumbList\",\"@id\":\"https:\\\/\\\/amb.se\\\/en\\\/amb-in-a-nutshell\\\/#breadcrumb\",\"itemListElement\":[{\"@type\":\"ListItem\",\"position\":1,\"name\":\"Hem\",\"item\":\"https:\\\/\\\/amb.se\\\/en\\\/\"},{\"@type\":\"ListItem\",\"position\":2,\"name\":\"AMB in a nutshell\"}]},{\"@type\":\"WebSite\",\"@id\":\"https:\\\/\\\/amb.se\\\/#website\",\"url\":\"https:\\\/\\\/amb.se\\\/\",\"name\":\"AMB\",\"description\":\"Plastic parts. Refined.\",\"publisher\":{\"@id\":\"https:\\\/\\\/amb.se\\\/#organization\"},\"potentialAction\":[{\"@type\":\"SearchAction\",\"target\":{\"@type\":\"EntryPoint\",\"urlTemplate\":\"https:\\\/\\\/amb.se\\\/?s={search_term_string}\"},\"query-input\":{\"@type\":\"PropertyValueSpecification\",\"valueRequired\":true,\"valueName\":\"search_term_string\"}}],\"inLanguage\":\"en-US\"},{\"@type\":\"Organization\",\"@id\":\"https:\\\/\\\/amb.se\\\/#organization\",\"name\":\"AMB Industri AB\",\"url\":\"https:\\\/\\\/amb.se\\\/\",\"logo\":{\"@type\":\"ImageObject\",\"inLanguage\":\"en-US\",\"@id\":\"https:\\\/\\\/amb.se\\\/#\\\/schema\\\/logo\\\/image\\\/\",\"url\":\"https:\\\/\\\/amb.se\\\/wp-content\\\/uploads\\\/2022\\\/12\\\/amb-logo.jpg\",\"contentUrl\":\"https:\\\/\\\/amb.se\\\/wp-content\\\/uploads\\\/2022\\\/12\\\/amb-logo.jpg\",\"width\":620,\"height\":460,\"caption\":\"AMB Industri AB\"},\"image\":{\"@id\":\"https:\\\/\\\/amb.se\\\/#\\\/schema\\\/logo\\\/image\\\/\"},\"sameAs\":[\"https:\\\/\\\/www.facebook.com\\\/amb1946\\\/\",\"https:\\\/\\\/www.instagram.com\\\/amb_industri\\\/\"]}]}<\/script>\n<!-- \/ Yoast SEO plugin. -->","yoast_head_json":{"title":"AMB in a nutshell - AMB Industri AB","robots":{"index":"index","follow":"follow","max-snippet":"max-snippet:-1","max-image-preview":"max-image-preview:large","max-video-preview":"max-video-preview:-1"},"canonical":"https:\/\/amb.se\/en\/amb-in-a-nutshell\/","og_locale":"en_US","og_type":"article","og_title":"AMB in a nutshell - AMB Industri AB","og_description":"[vc_row full_width=&#8221;stretch_row&#8221; equal_height=&#8221;yes&#8221; content_placement=&#8221;middle&#8221; top_margin=&#8221;0&#8243; bottom_margin=&#8221;0&#8243; css=&#8221;.vc_custom_1509551730213{margin-bottom: -1px !important;padding-top: 30px !important;padding-bottom: 30px !important;background-color: #ffffff !important;}&#8221;][vc_column][vc_custom_heading text=&#8221;AMB in a nutshell&#8221; font_container=&#8221;tag:h1|font_size:36|text_align:left|color:%23990000|line_height:1&#8243; use_theme_fonts=&#8221;yes&#8221; css_animation=&#8221;top-to-bottom&#8221; css=&#8221;.vc_custom_1530351809532{padding-top: 20px !important;padding-bottom: 20px !important;}&#8221;][vc_column_text 0=&#8221;&#8221; css=&#8221;&#8221;]AMB is [&hellip;]","og_url":"https:\/\/amb.se\/en\/amb-in-a-nutshell\/","og_site_name":"AMB Industri AB","article_publisher":"https:\/\/www.facebook.com\/amb1946\/","article_modified_time":"2025-12-22T21:14:47+00:00","og_image":[{"width":2000,"height":800,"url":"https:\/\/amb.se\/wp-content\/uploads\/2025\/06\/amb_2025-06.jpg","type":"image\/jpeg"}],"twitter_card":"summary_large_image","twitter_misc":{"Est. reading time":"2 minutes"},"schema":{"@context":"https:\/\/schema.org","@graph":[{"@type":"WebPage","@id":"https:\/\/amb.se\/en\/amb-in-a-nutshell\/","url":"https:\/\/amb.se\/en\/amb-in-a-nutshell\/","name":"AMB in a nutshell - AMB Industri AB","isPartOf":{"@id":"https:\/\/amb.se\/#website"},"primaryImageOfPage":{"@id":"https:\/\/amb.se\/en\/amb-in-a-nutshell\/#primaryimage"},"image":{"@id":"https:\/\/amb.se\/en\/amb-in-a-nutshell\/#primaryimage"},"thumbnailUrl":"https:\/\/amb.se\/wp-content\/uploads\/2025\/06\/amb_2025-06.jpg","datePublished":"2018-06-30T09:49:07+00:00","dateModified":"2025-12-22T21:14:47+00:00","breadcrumb":{"@id":"https:\/\/amb.se\/en\/amb-in-a-nutshell\/#breadcrumb"},"inLanguage":"en-US","potentialAction":[{"@type":"ReadAction","target":["https:\/\/amb.se\/en\/amb-in-a-nutshell\/"]}]},{"@type":"ImageObject","inLanguage":"en-US","@id":"https:\/\/amb.se\/en\/amb-in-a-nutshell\/#primaryimage","url":"https:\/\/amb.se\/wp-content\/uploads\/2025\/06\/amb_2025-06.jpg","contentUrl":"https:\/\/amb.se\/wp-content\/uploads\/2025\/06\/amb_2025-06.jpg","width":2000,"height":800,"caption":"Aerial view of AMB\u2019s large production facility with red buildings and parking areas, surrounded by forest."},{"@type":"BreadcrumbList","@id":"https:\/\/amb.se\/en\/amb-in-a-nutshell\/#breadcrumb","itemListElement":[{"@type":"ListItem","position":1,"name":"Hem","item":"https:\/\/amb.se\/en\/"},{"@type":"ListItem","position":2,"name":"AMB in a nutshell"}]},{"@type":"WebSite","@id":"https:\/\/amb.se\/#website","url":"https:\/\/amb.se\/","name":"AMB","description":"Plastic parts. Refined.","publisher":{"@id":"https:\/\/amb.se\/#organization"},"potentialAction":[{"@type":"SearchAction","target":{"@type":"EntryPoint","urlTemplate":"https:\/\/amb.se\/?s={search_term_string}"},"query-input":{"@type":"PropertyValueSpecification","valueRequired":true,"valueName":"search_term_string"}}],"inLanguage":"en-US"},{"@type":"Organization","@id":"https:\/\/amb.se\/#organization","name":"AMB Industri AB","url":"https:\/\/amb.se\/","logo":{"@type":"ImageObject","inLanguage":"en-US","@id":"https:\/\/amb.se\/#\/schema\/logo\/image\/","url":"https:\/\/amb.se\/wp-content\/uploads\/2022\/12\/amb-logo.jpg","contentUrl":"https:\/\/amb.se\/wp-content\/uploads\/2022\/12\/amb-logo.jpg","width":620,"height":460,"caption":"AMB Industri AB"},"image":{"@id":"https:\/\/amb.se\/#\/schema\/logo\/image\/"},"sameAs":["https:\/\/www.facebook.com\/amb1946\/","https:\/\/www.instagram.com\/amb_industri\/"]}]}},"_links":{"self":[{"href":"https:\/\/amb.se\/en\/wp-json\/wp\/v2\/pages\/5252","targetHints":{"allow":["GET"]}}],"collection":[{"href":"https:\/\/amb.se\/en\/wp-json\/wp\/v2\/pages"}],"about":[{"href":"https:\/\/amb.se\/en\/wp-json\/wp\/v2\/types\/page"}],"author":[{"embeddable":true,"href":"https:\/\/amb.se\/en\/wp-json\/wp\/v2\/users\/1"}],"replies":[{"embeddable":true,"href":"https:\/\/amb.se\/en\/wp-json\/wp\/v2\/comments?post=5252"}],"version-history":[{"count":19,"href":"https:\/\/amb.se\/en\/wp-json\/wp\/v2\/pages\/5252\/revisions"}],"predecessor-version":[{"id":18965,"href":"https:\/\/amb.se\/en\/wp-json\/wp\/v2\/pages\/5252\/revisions\/18965"}],"wp:featuredmedia":[{"embeddable":true,"href":"https:\/\/amb.se\/en\/wp-json\/wp\/v2\/media\/18349"}],"wp:attachment":[{"href":"https:\/\/amb.se\/en\/wp-json\/wp\/v2\/media?parent=5252"}],"curies":[{"name":"wp","href":"https:\/\/api.w.org\/{rel}","templated":true}]}}